{"id":46166,"date":"2018-11-28T14:02:08","date_gmt":"2018-11-28T11:02:08","guid":{"rendered":"http:\/\/www.ramrolf.eu\/product\/lvcif-universal-tirisanas-lidzeklis-500ml\/"},"modified":"2018-11-28T14:02:08","modified_gmt":"2018-11-28T11:02:08","slug":"lvcif-universal-tirisanas-lidzeklis-500ml","status":"publish","type":"product","link":"https:\/\/ramrolf.lv\/ru\/product\/lvcif-universal-tirisanas-lidzeklis-500ml\/","title":{"rendered":"CIF UNIVERSAL t\u012br\u012b\u0161anas l\u012bdzeklis,  500ml"},"content":{"rendered":"","protected":false},"excerpt":{"rendered":"<p>Univers\u0101lie t\u012br\u012b\u0161anas un mazg\u0101\u0161anas l\u012bdzek\u013ci<\/p>\n","protected":false},"featured_media":46167,"template":"","meta":[],"product_cat":[503],"product_tag":[],"_links":{"self":[{"href":"https:\/\/ramrolf.lv\/ru\/wp-json\/wp\/v2\/product\/46166"}],"collection":[{"href":"https:\/\/ramrolf.lv\/ru\/wp-json\/wp\/v2\/product"}],"about":[{"href":"https:\/\/ramrolf.lv\/ru\/wp-json\/wp\/v2\/types\/product"}],"wp:featuredmedia":[{"embeddable":true,"href":"https:\/\/ramrolf.lv\/ru\/wp-json\/wp\/v2\/media\/46167"}],"wp:attachment":[{"href":"https:\/\/ramrolf.lv\/ru\/wp-json\/wp\/v2\/media?parent=46166"}],"wp:term":[{"taxonomy":"product_cat","embeddable":true,"href":"https:\/\/ramrolf.lv\/ru\/wp-json\/wp\/v2\/product_cat?post=46166"},{"taxonomy":"product_tag","embeddable":true,"href":"https:\/\/ramrolf.lv\/ru\/wp-json\/wp\/v2\/product_tag?post=46166"}],"curies":[{"name":"wp","href":"https:\/\/api.w.org\/{rel}","templated":true}]}}