{"id":46186,"date":"2018-11-28T14:02:15","date_gmt":"2018-11-28T11:02:15","guid":{"rendered":"http:\/\/www.ramrolf.eu\/product\/lvslota-3m-scotch-brite-lietosanai-arpus-telpam-ar-120cm-katu\/"},"modified":"2018-11-28T14:02:15","modified_gmt":"2018-11-28T11:02:15","slug":"lvslota-3m-scotch-brite-lietosanai-arpus-telpam-ar-120cm-katu","status":"publish","type":"product","link":"https:\/\/ramrolf.lv\/ru\/product\/lvslota-3m-scotch-brite-lietosanai-arpus-telpam-ar-120cm-katu\/","title":{"rendered":"Slota 3M Scotch-Brite lieto\u0161anai \u0101rpus telp\u0101m ar 120cm k\u0101tu"},"content":{"rendered":"","protected":false},"excerpt":{"rendered":"<p>Slotas, mopi, birstes, liek\u0161\u0137eres<\/p>\n","protected":false},"featured_media":46187,"template":"","meta":[],"product_cat":[506],"product_tag":[],"_links":{"self":[{"href":"https:\/\/ramrolf.lv\/ru\/wp-json\/wp\/v2\/product\/46186"}],"collection":[{"href":"https:\/\/ramrolf.lv\/ru\/wp-json\/wp\/v2\/product"}],"about":[{"href":"https:\/\/ramrolf.lv\/ru\/wp-json\/wp\/v2\/types\/product"}],"wp:featuredmedia":[{"embeddable":true,"href":"https:\/\/ramrolf.lv\/ru\/wp-json\/wp\/v2\/media\/46187"}],"wp:attachment":[{"href":"https:\/\/ramrolf.lv\/ru\/wp-json\/wp\/v2\/media?parent=46186"}],"wp:term":[{"taxonomy":"product_cat","embeddable":true,"href":"https:\/\/ramrolf.lv\/ru\/wp-json\/wp\/v2\/product_cat?post=46186"},{"taxonomy":"product_tag","embeddable":true,"href":"https:\/\/ramrolf.lv\/ru\/wp-json\/wp\/v2\/product_tag?post=46186"}],"curies":[{"name":"wp","href":"https:\/\/api.w.org\/{rel}","templated":true}]}}