{"id":46204,"date":"2018-11-28T14:02:23","date_gmt":"2018-11-28T11:02:23","guid":{"rendered":"http:\/\/www.ramrolf.eu\/product\/lvlupata-mikroskiedras-40x40cm-roza\/"},"modified":"2018-11-28T14:02:23","modified_gmt":"2018-11-28T11:02:23","slug":"lvlupata-mikroskiedras-40x40cm-roza","status":"publish","type":"product","link":"https:\/\/ramrolf.lv\/ru\/product\/lvlupata-mikroskiedras-40x40cm-roza\/","title":{"rendered":"Lupata mikro\u0161\u0137iedras,  40x40cm,  roz\u0101"},"content":{"rendered":"","protected":false},"excerpt":{"rendered":"<p>Lupatas, \u0161vammes<\/p>\n","protected":false},"featured_media":46205,"template":"","meta":[],"product_cat":[506],"product_tag":[],"_links":{"self":[{"href":"https:\/\/ramrolf.lv\/ru\/wp-json\/wp\/v2\/product\/46204"}],"collection":[{"href":"https:\/\/ramrolf.lv\/ru\/wp-json\/wp\/v2\/product"}],"about":[{"href":"https:\/\/ramrolf.lv\/ru\/wp-json\/wp\/v2\/types\/product"}],"wp:featuredmedia":[{"embeddable":true,"href":"https:\/\/ramrolf.lv\/ru\/wp-json\/wp\/v2\/media\/46205"}],"wp:attachment":[{"href":"https:\/\/ramrolf.lv\/ru\/wp-json\/wp\/v2\/media?parent=46204"}],"wp:term":[{"taxonomy":"product_cat","embeddable":true,"href":"https:\/\/ramrolf.lv\/ru\/wp-json\/wp\/v2\/product_cat?post=46204"},{"taxonomy":"product_tag","embeddable":true,"href":"https:\/\/ramrolf.lv\/ru\/wp-json\/wp\/v2\/product_tag?post=46204"}],"curies":[{"name":"wp","href":"https:\/\/api.w.org\/{rel}","templated":true}]}}