{"id":46210,"date":"2018-11-28T14:02:26","date_gmt":"2018-11-28T11:02:26","guid":{"rendered":"http:\/\/www.ramrolf.eu\/product\/lvslaucisanas-komplekts-karisma-leikskere-slota-gars-kats\/"},"modified":"2018-11-28T14:02:26","modified_gmt":"2018-11-28T11:02:26","slug":"lvslaucisanas-komplekts-karisma-leikskere-slota-gars-kats","status":"publish","type":"product","link":"https:\/\/ramrolf.lv\/ru\/product\/lvslaucisanas-komplekts-karisma-leikskere-slota-gars-kats\/","title":{"rendered":"Slauc\u012b\u0161anas komplekts KARISMA &#8212; leik\u0161\u0137ere,  slota,  gar\u0161 k\u0101ts"},"content":{"rendered":"","protected":false},"excerpt":{"rendered":"<p>Slotas, mopi, birstes, liek\u0161\u0137eres<\/p>\n","protected":false},"featured_media":46211,"template":"","meta":[],"product_cat":[506],"product_tag":[],"_links":{"self":[{"href":"https:\/\/ramrolf.lv\/ru\/wp-json\/wp\/v2\/product\/46210"}],"collection":[{"href":"https:\/\/ramrolf.lv\/ru\/wp-json\/wp\/v2\/product"}],"about":[{"href":"https:\/\/ramrolf.lv\/ru\/wp-json\/wp\/v2\/types\/product"}],"wp:featuredmedia":[{"embeddable":true,"href":"https:\/\/ramrolf.lv\/ru\/wp-json\/wp\/v2\/media\/46211"}],"wp:attachment":[{"href":"https:\/\/ramrolf.lv\/ru\/wp-json\/wp\/v2\/media?parent=46210"}],"wp:term":[{"taxonomy":"product_cat","embeddable":true,"href":"https:\/\/ramrolf.lv\/ru\/wp-json\/wp\/v2\/product_cat?post=46210"},{"taxonomy":"product_tag","embeddable":true,"href":"https:\/\/ramrolf.lv\/ru\/wp-json\/wp\/v2\/product_tag?post=46210"}],"curies":[{"name":"wp","href":"https:\/\/api.w.org\/{rel}","templated":true}]}}