{"id":46557,"date":"2019-01-22T15:51:11","date_gmt":"2019-01-22T12:51:11","guid":{"rendered":"https:\/\/ramrolf.eu\/product\/new-product-2\/"},"modified":"2019-01-28T00:31:16","modified_gmt":"2019-01-27T21:31:16","slug":"limes-zimulis-36-gr","status":"publish","type":"product","link":"https:\/\/ramrolf.lv\/ru\/product\/limes-zimulis-36-gr\/","title":{"rendered":"L\u012bmes z\u012bmulis 36 gr."},"content":{"rendered":"","protected":false},"excerpt":{"rendered":"<p>Augstas kvalit\u0101tes l\u012bme. Augsta l\u012bm\u0113jo\u0161o vielu koncentr\u0101cija nodro\u0161ina \u0101tru un dro\u0161u sal\u012bm\u0113\u0161anu. L\u012bme kl\u0101jas pl\u0101n\u0101, l\u012bdzen\u0101 k\u0101rt\u0101, nedeform\u0113 pap\u012bru<\/p>\n","protected":false},"featured_media":46733,"template":"","meta":[],"product_cat":[500],"product_tag":[],"_links":{"self":[{"href":"https:\/\/ramrolf.lv\/ru\/wp-json\/wp\/v2\/product\/46557"}],"collection":[{"href":"https:\/\/ramrolf.lv\/ru\/wp-json\/wp\/v2\/product"}],"about":[{"href":"https:\/\/ramrolf.lv\/ru\/wp-json\/wp\/v2\/types\/product"}],"wp:featuredmedia":[{"embeddable":true,"href":"https:\/\/ramrolf.lv\/ru\/wp-json\/wp\/v2\/media\/46733"}],"wp:attachment":[{"href":"https:\/\/ramrolf.lv\/ru\/wp-json\/wp\/v2\/media?parent=46557"}],"wp:term":[{"taxonomy":"product_cat","embeddable":true,"href":"https:\/\/ramrolf.lv\/ru\/wp-json\/wp\/v2\/product_cat?post=46557"},{"taxonomy":"product_tag","embeddable":true,"href":"https:\/\/ramrolf.lv\/ru\/wp-json\/wp\/v2\/product_tag?post=46557"}],"curies":[{"name":"wp","href":"https:\/\/api.w.org\/{rel}","templated":true}]}}