{"id":46567,"date":"2019-01-23T11:52:24","date_gmt":"2019-01-23T08:52:24","guid":{"rendered":"https:\/\/ramrolf.eu\/product\/new-product-2\/"},"modified":"2019-01-28T00:27:28","modified_gmt":"2019-01-27T21:27:28","slug":"lime-rolleris-8mmx10m","status":"publish","type":"product","link":"https:\/\/ramrolf.lv\/ru\/product\/lime-rolleris-8mmx10m\/","title":{"rendered":"L\u012bme rolleris 8mmx10m"},"content":{"rendered":"","protected":false},"excerpt":{"rendered":"<p>Vienreiz\u0113jas lieto\u0161anas permanent\u0101 l\u012bme. <\/p>\n","protected":false},"featured_media":46731,"template":"","meta":[],"product_cat":[500],"product_tag":[],"_links":{"self":[{"href":"https:\/\/ramrolf.lv\/ru\/wp-json\/wp\/v2\/product\/46567"}],"collection":[{"href":"https:\/\/ramrolf.lv\/ru\/wp-json\/wp\/v2\/product"}],"about":[{"href":"https:\/\/ramrolf.lv\/ru\/wp-json\/wp\/v2\/types\/product"}],"wp:featuredmedia":[{"embeddable":true,"href":"https:\/\/ramrolf.lv\/ru\/wp-json\/wp\/v2\/media\/46731"}],"wp:attachment":[{"href":"https:\/\/ramrolf.lv\/ru\/wp-json\/wp\/v2\/media?parent=46567"}],"wp:term":[{"taxonomy":"product_cat","embeddable":true,"href":"https:\/\/ramrolf.lv\/ru\/wp-json\/wp\/v2\/product_cat?post=46567"},{"taxonomy":"product_tag","embeddable":true,"href":"https:\/\/ramrolf.lv\/ru\/wp-json\/wp\/v2\/product_tag?post=46567"}],"curies":[{"name":"wp","href":"https:\/\/api.w.org\/{rel}","templated":true}]}}