{"id":46568,"date":"2019-01-23T12:00:19","date_gmt":"2019-01-23T09:00:19","guid":{"rendered":"https:\/\/ramrolf.eu\/product\/new-product-2\/"},"modified":"2019-01-28T00:25:59","modified_gmt":"2019-01-27T21:25:59","slug":"caurspidiga-lime-30ml","status":"publish","type":"product","link":"https:\/\/ramrolf.lv\/ru\/product\/caurspidiga-lime-30ml\/","title":{"rendered":"Caursp\u012bd\u012bga L\u012bme 30ml"},"content":{"rendered":"","protected":false},"excerpt":{"rendered":"<p>Caursp\u012bd\u012bga \u0161\u0137idr\u0101 l\u012bme m\u012bkst\u0101 plastmasas pudel\u012bt\u0113 bl\u012bvu materi\u0101lu un bieza pap\u012bra l\u012bm\u0113\u0161anai. Uzgalis ar auduma membr\u0101nu nodro\u0161ina vienm\u0113r\u012bgu uzkl\u0101\u0161anu <\/p>\n","protected":false},"featured_media":46730,"template":"","meta":[],"product_cat":[500],"product_tag":[],"_links":{"self":[{"href":"https:\/\/ramrolf.lv\/ru\/wp-json\/wp\/v2\/product\/46568"}],"collection":[{"href":"https:\/\/ramrolf.lv\/ru\/wp-json\/wp\/v2\/product"}],"about":[{"href":"https:\/\/ramrolf.lv\/ru\/wp-json\/wp\/v2\/types\/product"}],"wp:featuredmedia":[{"embeddable":true,"href":"https:\/\/ramrolf.lv\/ru\/wp-json\/wp\/v2\/media\/46730"}],"wp:attachment":[{"href":"https:\/\/ramrolf.lv\/ru\/wp-json\/wp\/v2\/media?parent=46568"}],"wp:term":[{"taxonomy":"product_cat","embeddable":true,"href":"https:\/\/ramrolf.lv\/ru\/wp-json\/wp\/v2\/product_cat?post=46568"},{"taxonomy":"product_tag","embeddable":true,"href":"https:\/\/ramrolf.lv\/ru\/wp-json\/wp\/v2\/product_tag?post=46568"}],"curies":[{"name":"wp","href":"https:\/\/api.w.org\/{rel}","templated":true}]}}