{"id":46569,"date":"2019-01-23T12:04:45","date_gmt":"2019-01-23T09:04:45","guid":{"rendered":"https:\/\/ramrolf.eu\/product\/new-product-2\/"},"modified":"2019-01-28T00:28:45","modified_gmt":"2019-01-27T21:28:45","slug":"limejosa-masa-kvadratinos-50-gr","status":"publish","type":"product","link":"https:\/\/ramrolf.lv\/ru\/product\/limejosa-masa-kvadratinos-50-gr\/","title":{"rendered":"L\u012bm\u0113jo\u0161a masa kvadr\u0101ti\u0146os 50 gr."},"content":{"rendered":"","protected":false},"excerpt":{"rendered":"<p>daudzreiz lietojama l\u012bmmasa, \u0113rti piestriprin\u0101t vieglus priek\u0161metus. <\/p>\n","protected":false},"featured_media":46732,"template":"","meta":[],"product_cat":[500],"product_tag":[],"_links":{"self":[{"href":"https:\/\/ramrolf.lv\/ru\/wp-json\/wp\/v2\/product\/46569"}],"collection":[{"href":"https:\/\/ramrolf.lv\/ru\/wp-json\/wp\/v2\/product"}],"about":[{"href":"https:\/\/ramrolf.lv\/ru\/wp-json\/wp\/v2\/types\/product"}],"wp:featuredmedia":[{"embeddable":true,"href":"https:\/\/ramrolf.lv\/ru\/wp-json\/wp\/v2\/media\/46732"}],"wp:attachment":[{"href":"https:\/\/ramrolf.lv\/ru\/wp-json\/wp\/v2\/media?parent=46569"}],"wp:term":[{"taxonomy":"product_cat","embeddable":true,"href":"https:\/\/ramrolf.lv\/ru\/wp-json\/wp\/v2\/product_cat?post=46569"},{"taxonomy":"product_tag","embeddable":true,"href":"https:\/\/ramrolf.lv\/ru\/wp-json\/wp\/v2\/product_tag?post=46569"}],"curies":[{"name":"wp","href":"https:\/\/api.w.org\/{rel}","templated":true}]}}