{"id":46572,"date":"2019-01-23T12:22:38","date_gmt":"2019-01-23T09:22:38","guid":{"rendered":"https:\/\/ramrolf.eu\/product\/new-product-2\/"},"modified":"2019-01-28T01:09:06","modified_gmt":"2019-01-27T22:09:06","slug":"limlente-33m-x-19mm-caurspidiga","status":"publish","type":"product","link":"https:\/\/ramrolf.lv\/ru\/product\/limlente-33m-x-19mm-caurspidiga\/","title":{"rendered":"L\u012bmlente 33m x 19mm caursp\u012bd\u012bga"},"content":{"rendered":"","protected":false},"excerpt":{"rendered":"<p>Caursp\u012bd\u012bga biroja l\u012bmlenta. Izgatavota no polipropil\u0113na. <\/p>\n","protected":false},"featured_media":46745,"template":"","meta":[],"product_cat":[341],"product_tag":[],"_links":{"self":[{"href":"https:\/\/ramrolf.lv\/ru\/wp-json\/wp\/v2\/product\/46572"}],"collection":[{"href":"https:\/\/ramrolf.lv\/ru\/wp-json\/wp\/v2\/product"}],"about":[{"href":"https:\/\/ramrolf.lv\/ru\/wp-json\/wp\/v2\/types\/product"}],"wp:featuredmedia":[{"embeddable":true,"href":"https:\/\/ramrolf.lv\/ru\/wp-json\/wp\/v2\/media\/46745"}],"wp:attachment":[{"href":"https:\/\/ramrolf.lv\/ru\/wp-json\/wp\/v2\/media?parent=46572"}],"wp:term":[{"taxonomy":"product_cat","embeddable":true,"href":"https:\/\/ramrolf.lv\/ru\/wp-json\/wp\/v2\/product_cat?post=46572"},{"taxonomy":"product_tag","embeddable":true,"href":"https:\/\/ramrolf.lv\/ru\/wp-json\/wp\/v2\/product_tag?post=46572"}],"curies":[{"name":"wp","href":"https:\/\/api.w.org\/{rel}","templated":true}]}}