{"id":46573,"date":"2019-01-23T12:24:53","date_gmt":"2019-01-23T09:24:53","guid":{"rendered":"https:\/\/ramrolf.eu\/product\/new-product-2\/"},"modified":"2019-01-28T01:10:14","modified_gmt":"2019-01-27T22:10:14","slug":"limlentes-turetajs-ar-limlentu-19mm","status":"publish","type":"product","link":"https:\/\/ramrolf.lv\/ru\/product\/limlentes-turetajs-ar-limlentu-19mm\/","title":{"rendered":"L\u012bmlentes tur\u0113t\u0101js ar l\u012bmlentu 19mm"},"content":{"rendered":"","protected":false},"excerpt":{"rendered":"<p>L\u012bmlentes tur\u0113t\u0101js ar l\u012bmlentu 19 mm, der 19mm x 10m un 19mm x 33m l\u012bmlent\u0113m. Cena par 1 gab. <\/p>\n","protected":false},"featured_media":46746,"template":"","meta":[],"product_cat":[341],"product_tag":[],"_links":{"self":[{"href":"https:\/\/ramrolf.lv\/ru\/wp-json\/wp\/v2\/product\/46573"}],"collection":[{"href":"https:\/\/ramrolf.lv\/ru\/wp-json\/wp\/v2\/product"}],"about":[{"href":"https:\/\/ramrolf.lv\/ru\/wp-json\/wp\/v2\/types\/product"}],"wp:featuredmedia":[{"embeddable":true,"href":"https:\/\/ramrolf.lv\/ru\/wp-json\/wp\/v2\/media\/46746"}],"wp:attachment":[{"href":"https:\/\/ramrolf.lv\/ru\/wp-json\/wp\/v2\/media?parent=46573"}],"wp:term":[{"taxonomy":"product_cat","embeddable":true,"href":"https:\/\/ramrolf.lv\/ru\/wp-json\/wp\/v2\/product_cat?post=46573"},{"taxonomy":"product_tag","embeddable":true,"href":"https:\/\/ramrolf.lv\/ru\/wp-json\/wp\/v2\/product_tag?post=46573"}],"curies":[{"name":"wp","href":"https:\/\/api.w.org\/{rel}","templated":true}]}}