{"id":46580,"date":"2019-01-23T12:47:44","date_gmt":"2019-01-23T09:47:44","guid":{"rendered":"https:\/\/ramrolf.eu\/product\/new-product-2\/"},"modified":"2019-01-28T00:59:04","modified_gmt":"2019-01-27T21:59:04","slug":"iepakojuma-limlentas-turetajs","status":"publish","type":"product","link":"https:\/\/ramrolf.lv\/ru\/product\/iepakojuma-limlentas-turetajs\/","title":{"rendered":"Iepakojuma l\u012bmlentas tur\u0113t\u0101js"},"content":{"rendered":"","protected":false},"excerpt":{"rendered":"<p>Iepakojuma l\u012bmlentas tur\u0113t\u0101js , 50 mm platuma l\u012bmlent\u0101m. <\/p>\n","protected":false},"featured_media":46741,"template":"","meta":[],"product_cat":[341],"product_tag":[],"_links":{"self":[{"href":"https:\/\/ramrolf.lv\/ru\/wp-json\/wp\/v2\/product\/46580"}],"collection":[{"href":"https:\/\/ramrolf.lv\/ru\/wp-json\/wp\/v2\/product"}],"about":[{"href":"https:\/\/ramrolf.lv\/ru\/wp-json\/wp\/v2\/types\/product"}],"wp:featuredmedia":[{"embeddable":true,"href":"https:\/\/ramrolf.lv\/ru\/wp-json\/wp\/v2\/media\/46741"}],"wp:attachment":[{"href":"https:\/\/ramrolf.lv\/ru\/wp-json\/wp\/v2\/media?parent=46580"}],"wp:term":[{"taxonomy":"product_cat","embeddable":true,"href":"https:\/\/ramrolf.lv\/ru\/wp-json\/wp\/v2\/product_cat?post=46580"},{"taxonomy":"product_tag","embeddable":true,"href":"https:\/\/ramrolf.lv\/ru\/wp-json\/wp\/v2\/product_tag?post=46580"}],"curies":[{"name":"wp","href":"https:\/\/api.w.org\/{rel}","templated":true}]}}