{"id":46598,"date":"2019-01-23T18:42:35","date_gmt":"2019-01-23T15:42:35","guid":{"rendered":"https:\/\/ramrolf.eu\/product\/new-product-3\/"},"modified":"2019-01-28T00:49:10","modified_gmt":"2019-01-27T21:49:10","slug":"lodisu-pildspalva-forpus-dynamic-zila-0-7mm","status":"publish","type":"product","link":"https:\/\/ramrolf.lv\/ru\/product\/lodisu-pildspalva-forpus-dynamic-zila-0-7mm\/","title":{"rendered":"Lod\u012b\u0161u pildspalva FORPUS DYNAMIC, zila, 0.7mm"},"content":{"rendered":"","protected":false},"excerpt":{"rendered":"<p>Unik\u0101lais lieto\u0161anas \u012bpa\u0161\u012bbu komplekts padara \u0161o pildspalvu \u012bpa\u0161i popul\u0101ru un piepras\u012btu \u201edaudzraksto\u0161o\u201d biroju darbinieku vid\u016b. Gumijas pirkstu atbalsta zonas forma \u013cauj plaukstai ie\u0146emt dabisku st\u0101vokli. L\u012bnijas biezums \u2013 0,7 mm. Main\u0101ms serdenis.<\/p>\n","protected":false},"featured_media":46615,"template":"","meta":[],"product_cat":[345],"product_tag":[],"_links":{"self":[{"href":"https:\/\/ramrolf.lv\/ru\/wp-json\/wp\/v2\/product\/46598"}],"collection":[{"href":"https:\/\/ramrolf.lv\/ru\/wp-json\/wp\/v2\/product"}],"about":[{"href":"https:\/\/ramrolf.lv\/ru\/wp-json\/wp\/v2\/types\/product"}],"wp:featuredmedia":[{"embeddable":true,"href":"https:\/\/ramrolf.lv\/ru\/wp-json\/wp\/v2\/media\/46615"}],"wp:attachment":[{"href":"https:\/\/ramrolf.lv\/ru\/wp-json\/wp\/v2\/media?parent=46598"}],"wp:term":[{"taxonomy":"product_cat","embeddable":true,"href":"https:\/\/ramrolf.lv\/ru\/wp-json\/wp\/v2\/product_cat?post=46598"},{"taxonomy":"product_tag","embeddable":true,"href":"https:\/\/ramrolf.lv\/ru\/wp-json\/wp\/v2\/product_tag?post=46598"}],"curies":[{"name":"wp","href":"https:\/\/api.w.org\/{rel}","templated":true}]}}