{"id":46628,"date":"2019-01-24T17:26:43","date_gmt":"2019-01-24T14:26:43","guid":{"rendered":"https:\/\/ramrolf.eu\/product\/new-product-3\/"},"modified":"2019-01-26T00:40:43","modified_gmt":"2019-01-25T21:40:43","slug":"lodisu-pildspalva-chain-pen-apmekletaju-zila-tinte","status":"publish","type":"product","link":"https:\/\/ramrolf.lv\/ru\/product\/lodisu-pildspalva-chain-pen-apmekletaju-zila-tinte\/","title":{"rendered":"Lod\u012b\u0161u pildspalva \u201cCHAIN PEN\u201d (apmekl\u0113t\u0101ju), zila tinte"},"content":{"rendered":"","protected":false},"excerpt":{"rendered":"<p>Apmekl\u0113t\u0101ju pildspalva lod\u012b\u0161u, zila tinte, met\u0101la \u0137\u0113d\u012bte, piel\u012bm\u0113jama pie galda virsmas, lod\u012bte-0.7mm, komplekt\u0101 2 kodoli\u0146i par br\u012bvu<\/p>\n","protected":false},"featured_media":46726,"template":"","meta":[],"product_cat":[345],"product_tag":[],"_links":{"self":[{"href":"https:\/\/ramrolf.lv\/ru\/wp-json\/wp\/v2\/product\/46628"}],"collection":[{"href":"https:\/\/ramrolf.lv\/ru\/wp-json\/wp\/v2\/product"}],"about":[{"href":"https:\/\/ramrolf.lv\/ru\/wp-json\/wp\/v2\/types\/product"}],"wp:featuredmedia":[{"embeddable":true,"href":"https:\/\/ramrolf.lv\/ru\/wp-json\/wp\/v2\/media\/46726"}],"wp:attachment":[{"href":"https:\/\/ramrolf.lv\/ru\/wp-json\/wp\/v2\/media?parent=46628"}],"wp:term":[{"taxonomy":"product_cat","embeddable":true,"href":"https:\/\/ramrolf.lv\/ru\/wp-json\/wp\/v2\/product_cat?post=46628"},{"taxonomy":"product_tag","embeddable":true,"href":"https:\/\/ramrolf.lv\/ru\/wp-json\/wp\/v2\/product_tag?post=46628"}],"curies":[{"name":"wp","href":"https:\/\/api.w.org\/{rel}","templated":true}]}}