{"id":46635,"date":"2019-01-24T18:20:54","date_gmt":"2019-01-24T15:20:54","guid":{"rendered":"https:\/\/ramrolf.eu\/product\/new-product-3\/"},"modified":"2019-01-26T00:27:57","modified_gmt":"2019-01-25T21:27:57","slug":"lodisu-pildspalva-lisbon-metala-korpusa-zila-tinte-1-0mm","status":"publish","type":"product","link":"https:\/\/ramrolf.lv\/ru\/product\/lodisu-pildspalva-lisbon-metala-korpusa-zila-tinte-1-0mm\/","title":{"rendered":"Lod\u012b\u0161u pildspalva LISBON met\u0101la korpus\u0101, zila tinte, 1.0mm"},"content":{"rendered":"","protected":false},"excerpt":{"rendered":"<p>Lod\u012b\u0161u pildspalva no met\u0101la, zila tinte, var izmantot apdruk\u0101\u0161anai, d\u0101vanu iepakojum\u0101.<\/p>\n","protected":false},"featured_media":46720,"template":"","meta":[],"product_cat":[345],"product_tag":[],"_links":{"self":[{"href":"https:\/\/ramrolf.lv\/ru\/wp-json\/wp\/v2\/product\/46635"}],"collection":[{"href":"https:\/\/ramrolf.lv\/ru\/wp-json\/wp\/v2\/product"}],"about":[{"href":"https:\/\/ramrolf.lv\/ru\/wp-json\/wp\/v2\/types\/product"}],"wp:featuredmedia":[{"embeddable":true,"href":"https:\/\/ramrolf.lv\/ru\/wp-json\/wp\/v2\/media\/46720"}],"wp:attachment":[{"href":"https:\/\/ramrolf.lv\/ru\/wp-json\/wp\/v2\/media?parent=46635"}],"wp:term":[{"taxonomy":"product_cat","embeddable":true,"href":"https:\/\/ramrolf.lv\/ru\/wp-json\/wp\/v2\/product_cat?post=46635"},{"taxonomy":"product_tag","embeddable":true,"href":"https:\/\/ramrolf.lv\/ru\/wp-json\/wp\/v2\/product_tag?post=46635"}],"curies":[{"name":"wp","href":"https:\/\/api.w.org\/{rel}","templated":true}]}}