{"id":46643,"date":"2019-01-25T10:58:23","date_gmt":"2019-01-25T07:58:23","guid":{"rendered":"https:\/\/ramrolf.eu\/product\/new-product-3\/"},"modified":"2019-01-26T00:17:16","modified_gmt":"2019-01-25T21:17:16","slug":"lodisu-pildspalva-trial-melna-tristurveidiga-forma-1-0-mm","status":"publish","type":"product","link":"https:\/\/ramrolf.lv\/ru\/product\/lodisu-pildspalva-trial-melna-tristurveidiga-forma-1-0-mm\/","title":{"rendered":"Lod\u012b\u0161u pildspalva TRIAL melna, tr\u012bst\u016brveid\u012bga forma, 1.0 mm"},"content":{"rendered":"","protected":false},"excerpt":{"rendered":"","protected":false},"featured_media":46714,"template":"","meta":[],"product_cat":[345],"product_tag":[],"_links":{"self":[{"href":"https:\/\/ramrolf.lv\/ru\/wp-json\/wp\/v2\/product\/46643"}],"collection":[{"href":"https:\/\/ramrolf.lv\/ru\/wp-json\/wp\/v2\/product"}],"about":[{"href":"https:\/\/ramrolf.lv\/ru\/wp-json\/wp\/v2\/types\/product"}],"wp:featuredmedia":[{"embeddable":true,"href":"https:\/\/ramrolf.lv\/ru\/wp-json\/wp\/v2\/media\/46714"}],"wp:attachment":[{"href":"https:\/\/ramrolf.lv\/ru\/wp-json\/wp\/v2\/media?parent=46643"}],"wp:term":[{"taxonomy":"product_cat","embeddable":true,"href":"https:\/\/ramrolf.lv\/ru\/wp-json\/wp\/v2\/product_cat?post=46643"},{"taxonomy":"product_tag","embeddable":true,"href":"https:\/\/ramrolf.lv\/ru\/wp-json\/wp\/v2\/product_tag?post=46643"}],"curies":[{"name":"wp","href":"https:\/\/api.w.org\/{rel}","templated":true}]}}