{"id":46647,"date":"2019-01-25T11:16:09","date_gmt":"2019-01-25T08:16:09","guid":{"rendered":"https:\/\/ramrolf.eu\/product\/new-product-4\/"},"modified":"2019-01-26T00:00:18","modified_gmt":"2019-01-25T21:00:18","slug":"lodisu-pildspalva-aspira-pearl-10mm-zila-tinte","status":"publish","type":"product","link":"https:\/\/ramrolf.lv\/ru\/product\/lodisu-pildspalva-aspira-pearl-10mm-zila-tinte\/","title":{"rendered":"Lod\u012b\u0161u pildspalva ASPIRA PEARL, 1,0mm, zila tinte"},"content":{"rendered":"","protected":false},"excerpt":{"rendered":"<p>Tr\u012bsst\u016brveid\u012bgs korpuss, zila tinte<\/p>\n","protected":false},"featured_media":46712,"template":"","meta":[],"product_cat":[345],"product_tag":[],"_links":{"self":[{"href":"https:\/\/ramrolf.lv\/ru\/wp-json\/wp\/v2\/product\/46647"}],"collection":[{"href":"https:\/\/ramrolf.lv\/ru\/wp-json\/wp\/v2\/product"}],"about":[{"href":"https:\/\/ramrolf.lv\/ru\/wp-json\/wp\/v2\/types\/product"}],"wp:featuredmedia":[{"embeddable":true,"href":"https:\/\/ramrolf.lv\/ru\/wp-json\/wp\/v2\/media\/46712"}],"wp:attachment":[{"href":"https:\/\/ramrolf.lv\/ru\/wp-json\/wp\/v2\/media?parent=46647"}],"wp:term":[{"taxonomy":"product_cat","embeddable":true,"href":"https:\/\/ramrolf.lv\/ru\/wp-json\/wp\/v2\/product_cat?post=46647"},{"taxonomy":"product_tag","embeddable":true,"href":"https:\/\/ramrolf.lv\/ru\/wp-json\/wp\/v2\/product_tag?post=46647"}],"curies":[{"name":"wp","href":"https:\/\/api.w.org\/{rel}","templated":true}]}}