{"id":46650,"date":"2019-01-25T11:24:13","date_gmt":"2019-01-25T08:24:13","guid":{"rendered":"https:\/\/ramrolf.eu\/product\/new-product-4\/"},"modified":"2019-01-25T23:46:06","modified_gmt":"2019-01-25T20:46:06","slug":"lodisu-pildspalva-bruxelles-metala-korpuss-0-7mm","status":"publish","type":"product","link":"https:\/\/ramrolf.lv\/ru\/product\/lodisu-pildspalva-bruxelles-metala-korpuss-0-7mm\/","title":{"rendered":"Lod\u012b\u0161u pildspalva Bruxelles, met\u0101la korpuss, 0.7mm"},"content":{"rendered":"","protected":false},"excerpt":{"rendered":"<p>Pildspalva iepakota kartona kast\u012bt\u0113, zila tinte<\/p>\n","protected":false},"featured_media":46708,"template":"","meta":[],"product_cat":[345],"product_tag":[],"_links":{"self":[{"href":"https:\/\/ramrolf.lv\/ru\/wp-json\/wp\/v2\/product\/46650"}],"collection":[{"href":"https:\/\/ramrolf.lv\/ru\/wp-json\/wp\/v2\/product"}],"about":[{"href":"https:\/\/ramrolf.lv\/ru\/wp-json\/wp\/v2\/types\/product"}],"wp:featuredmedia":[{"embeddable":true,"href":"https:\/\/ramrolf.lv\/ru\/wp-json\/wp\/v2\/media\/46708"}],"wp:attachment":[{"href":"https:\/\/ramrolf.lv\/ru\/wp-json\/wp\/v2\/media?parent=46650"}],"wp:term":[{"taxonomy":"product_cat","embeddable":true,"href":"https:\/\/ramrolf.lv\/ru\/wp-json\/wp\/v2\/product_cat?post=46650"},{"taxonomy":"product_tag","embeddable":true,"href":"https:\/\/ramrolf.lv\/ru\/wp-json\/wp\/v2\/product_tag?post=46650"}],"curies":[{"name":"wp","href":"https:\/\/api.w.org\/{rel}","templated":true}]}}