{"id":46658,"date":"2019-01-25T12:06:17","date_gmt":"2019-01-25T09:06:17","guid":{"rendered":"https:\/\/ramrolf.eu\/product\/new-product-4\/"},"modified":"2021-08-25T16:30:17","modified_gmt":"2021-08-25T13:30:17","slug":"papirs-office-premium-a4-80-gr-m2-500lpp","status":"publish","type":"product","link":"https:\/\/ramrolf.lv\/ru\/product\/papirs-office-premium-a4-80-gr-m2-500lpp\/","title":{"rendered":"Pap\u012brs Office Premium A4 80 gr.\/m2 500lpp"},"content":{"rendered":"","protected":false},"excerpt":{"rendered":"<p>Augstas kvalit\u0101tes pap\u012brs, kas ra\u017eots no eikalipta, visa veida printeriem, kop\u0113t\u0101jiem, abpus\u0113jai druk\u0101\u0161anai. Pap\u012bra ra\u017eo\u0161anas proces\u0101 iev\u0113rotas visas kvalit\u0101tes un vides aizsardz\u012bbas pras\u012bbas saska\u0146\u0101 ar ISO 9001, ISO 14001 un ISO 9706 sertifik\u0101tiem. Nesatur hloru(ECF). Ra\u017eots Eirop\u0101<\/p>\n","protected":false},"featured_media":46700,"template":"","meta":[],"product_cat":[327],"product_tag":[],"_links":{"self":[{"href":"https:\/\/ramrolf.lv\/ru\/wp-json\/wp\/v2\/product\/46658"}],"collection":[{"href":"https:\/\/ramrolf.lv\/ru\/wp-json\/wp\/v2\/product"}],"about":[{"href":"https:\/\/ramrolf.lv\/ru\/wp-json\/wp\/v2\/types\/product"}],"wp:featuredmedia":[{"embeddable":true,"href":"https:\/\/ramrolf.lv\/ru\/wp-json\/wp\/v2\/media\/46700"}],"wp:attachment":[{"href":"https:\/\/ramrolf.lv\/ru\/wp-json\/wp\/v2\/media?parent=46658"}],"wp:term":[{"taxonomy":"product_cat","embeddable":true,"href":"https:\/\/ramrolf.lv\/ru\/wp-json\/wp\/v2\/product_cat?post=46658"},{"taxonomy":"product_tag","embeddable":true,"href":"https:\/\/ramrolf.lv\/ru\/wp-json\/wp\/v2\/product_tag?post=46658"}],"curies":[{"name":"wp","href":"https:\/\/api.w.org\/{rel}","templated":true}]}}