{"id":46666,"date":"2019-01-25T14:51:11","date_gmt":"2019-01-25T11:51:11","guid":{"rendered":"https:\/\/ramrolf.eu\/product\/new-product-4\/"},"modified":"2019-01-25T22:59:51","modified_gmt":"2019-01-25T19:59:51","slug":"dzesgumija-maza","status":"publish","type":"product","link":"https:\/\/ramrolf.lv\/ru\/product\/dzesgumija-maza\/","title":{"rendered":"Dz\u0113\u0161gumija, maza"},"content":{"rendered":"","protected":false},"excerpt":{"rendered":"<p>Paredz\u0113ta melnajiem graf\u012bta z\u012bmu\u013ciem.<\/p>\n","protected":false},"featured_media":46693,"template":"","meta":[],"product_cat":[471],"product_tag":[],"_links":{"self":[{"href":"https:\/\/ramrolf.lv\/ru\/wp-json\/wp\/v2\/product\/46666"}],"collection":[{"href":"https:\/\/ramrolf.lv\/ru\/wp-json\/wp\/v2\/product"}],"about":[{"href":"https:\/\/ramrolf.lv\/ru\/wp-json\/wp\/v2\/types\/product"}],"wp:featuredmedia":[{"embeddable":true,"href":"https:\/\/ramrolf.lv\/ru\/wp-json\/wp\/v2\/media\/46693"}],"wp:attachment":[{"href":"https:\/\/ramrolf.lv\/ru\/wp-json\/wp\/v2\/media?parent=46666"}],"wp:term":[{"taxonomy":"product_cat","embeddable":true,"href":"https:\/\/ramrolf.lv\/ru\/wp-json\/wp\/v2\/product_cat?post=46666"},{"taxonomy":"product_tag","embeddable":true,"href":"https:\/\/ramrolf.lv\/ru\/wp-json\/wp\/v2\/product_tag?post=46666"}],"curies":[{"name":"wp","href":"https:\/\/api.w.org\/{rel}","templated":true}]}}