{"id":46667,"date":"2019-01-25T14:52:59","date_gmt":"2019-01-25T11:52:59","guid":{"rendered":"https:\/\/ramrolf.eu\/product\/new-product-4\/"},"modified":"2019-01-25T22:58:20","modified_gmt":"2019-01-25T19:58:20","slug":"dzesgumija-soft-izmeri-39x25x15mm","status":"publish","type":"product","link":"https:\/\/ramrolf.lv\/ru\/product\/dzesgumija-soft-izmeri-39x25x15mm\/","title":{"rendered":"Dz\u0113\u0161gumija SOFT, izm\u0113ri 39x25x15mm"},"content":{"rendered":"","protected":false},"excerpt":{"rendered":"<p>Augstas kvalit\u0101tes, gandr\u012bz neatst\u0101j p\u0113das, nesatur lateksu.<\/p>\n","protected":false},"featured_media":46692,"template":"","meta":[],"product_cat":[471],"product_tag":[],"_links":{"self":[{"href":"https:\/\/ramrolf.lv\/ru\/wp-json\/wp\/v2\/product\/46667"}],"collection":[{"href":"https:\/\/ramrolf.lv\/ru\/wp-json\/wp\/v2\/product"}],"about":[{"href":"https:\/\/ramrolf.lv\/ru\/wp-json\/wp\/v2\/types\/product"}],"wp:featuredmedia":[{"embeddable":true,"href":"https:\/\/ramrolf.lv\/ru\/wp-json\/wp\/v2\/media\/46692"}],"wp:attachment":[{"href":"https:\/\/ramrolf.lv\/ru\/wp-json\/wp\/v2\/media?parent=46667"}],"wp:term":[{"taxonomy":"product_cat","embeddable":true,"href":"https:\/\/ramrolf.lv\/ru\/wp-json\/wp\/v2\/product_cat?post=46667"},{"taxonomy":"product_tag","embeddable":true,"href":"https:\/\/ramrolf.lv\/ru\/wp-json\/wp\/v2\/product_tag?post=46667"}],"curies":[{"name":"wp","href":"https:\/\/api.w.org\/{rel}","templated":true}]}}