{"id":46668,"date":"2019-01-25T15:07:49","date_gmt":"2019-01-25T12:07:49","guid":{"rendered":"https:\/\/ramrolf.eu\/product\/new-product-4\/"},"modified":"2019-01-25T22:56:16","modified_gmt":"2019-01-25T19:56:16","slug":"kalkulators-forpus-11009","status":"publish","type":"product","link":"https:\/\/ramrolf.lv\/ru\/product\/kalkulators-forpus-11009\/","title":{"rendered":"Kalkulators Forpus 11009"},"content":{"rendered":"","protected":false},"excerpt":{"rendered":"<p style=\"text-align: justify;\">Profesion\u0101ls galda kalkulators, 16 z\u012bmju LCD ekr\u0101ns. Divu veidu baro\u0161anas avots \u2013 saules elements un baterija. Atk\u0101rto\u0161anas funkcija, tausti\u0146\u0161 \u2018\u2019000\u2019\u2019. Korekcija \u2013 99 so\u013ci. Met\u0101lisks priek\u0161\u0113jais panelis. Izm\u0113ri : 191 x 145 x 39mm.<\/p>\n","protected":false},"featured_media":46690,"template":"","meta":[],"product_cat":[367],"product_tag":[],"_links":{"self":[{"href":"https:\/\/ramrolf.lv\/ru\/wp-json\/wp\/v2\/product\/46668"}],"collection":[{"href":"https:\/\/ramrolf.lv\/ru\/wp-json\/wp\/v2\/product"}],"about":[{"href":"https:\/\/ramrolf.lv\/ru\/wp-json\/wp\/v2\/types\/product"}],"wp:featuredmedia":[{"embeddable":true,"href":"https:\/\/ramrolf.lv\/ru\/wp-json\/wp\/v2\/media\/46690"}],"wp:attachment":[{"href":"https:\/\/ramrolf.lv\/ru\/wp-json\/wp\/v2\/media?parent=46668"}],"wp:term":[{"taxonomy":"product_cat","embeddable":true,"href":"https:\/\/ramrolf.lv\/ru\/wp-json\/wp\/v2\/product_cat?post=46668"},{"taxonomy":"product_tag","embeddable":true,"href":"https:\/\/ramrolf.lv\/ru\/wp-json\/wp\/v2\/product_tag?post=46668"}],"curies":[{"name":"wp","href":"https:\/\/api.w.org\/{rel}","templated":true}]}}