{"id":46669,"date":"2019-01-25T15:09:56","date_gmt":"2019-01-25T12:09:56","guid":{"rendered":"https:\/\/ramrolf.eu\/product\/new-product-4\/"},"modified":"2019-01-25T22:54:00","modified_gmt":"2019-01-25T19:54:00","slug":"kalkulators-forpus-11010","status":"publish","type":"product","link":"https:\/\/ramrolf.lv\/ru\/product\/kalkulators-forpus-11010\/","title":{"rendered":"Kalkulators Forpus 11010"},"content":{"rendered":"","protected":false},"excerpt":{"rendered":"<p>Kabatas kalkulators, 8 z\u012bmju LCD ekr\u0101ns. Divu veidu baro\u0161anas avots \u2013 saules elements un baterija, m\u012bksts plastik\u0101ta maci\u0146\u0161, gumijoti tausti\u0146i. Izm\u0113ri: 88 x 59 x 10mm.<\/p>\n","protected":false},"featured_media":46688,"template":"","meta":[],"product_cat":[367],"product_tag":[],"_links":{"self":[{"href":"https:\/\/ramrolf.lv\/ru\/wp-json\/wp\/v2\/product\/46669"}],"collection":[{"href":"https:\/\/ramrolf.lv\/ru\/wp-json\/wp\/v2\/product"}],"about":[{"href":"https:\/\/ramrolf.lv\/ru\/wp-json\/wp\/v2\/types\/product"}],"wp:featuredmedia":[{"embeddable":true,"href":"https:\/\/ramrolf.lv\/ru\/wp-json\/wp\/v2\/media\/46688"}],"wp:attachment":[{"href":"https:\/\/ramrolf.lv\/ru\/wp-json\/wp\/v2\/media?parent=46669"}],"wp:term":[{"taxonomy":"product_cat","embeddable":true,"href":"https:\/\/ramrolf.lv\/ru\/wp-json\/wp\/v2\/product_cat?post=46669"},{"taxonomy":"product_tag","embeddable":true,"href":"https:\/\/ramrolf.lv\/ru\/wp-json\/wp\/v2\/product_tag?post=46669"}],"curies":[{"name":"wp","href":"https:\/\/api.w.org\/{rel}","templated":true}]}}