{"id":46671,"date":"2019-01-25T15:30:00","date_gmt":"2019-01-25T12:30:00","guid":{"rendered":"https:\/\/ramrolf.eu\/product\/new-product-4\/"},"modified":"2019-01-25T22:40:53","modified_gmt":"2019-01-25T19:40:53","slug":"kalkulators-11014","status":"publish","type":"product","link":"https:\/\/ramrolf.lv\/ru\/product\/kalkulators-11014\/","title":{"rendered":"Kalkulators 11014"},"content":{"rendered":"","protected":false},"excerpt":{"rendered":"<p>Kabatas, 12 ciparu displejs, cieti plastmasa v\u0101ci\u0146i, izm\u0113ri: 96x63x12 mm<\/p>\n","protected":false},"featured_media":46684,"template":"","meta":[],"product_cat":[367],"product_tag":[],"_links":{"self":[{"href":"https:\/\/ramrolf.lv\/ru\/wp-json\/wp\/v2\/product\/46671"}],"collection":[{"href":"https:\/\/ramrolf.lv\/ru\/wp-json\/wp\/v2\/product"}],"about":[{"href":"https:\/\/ramrolf.lv\/ru\/wp-json\/wp\/v2\/types\/product"}],"wp:featuredmedia":[{"embeddable":true,"href":"https:\/\/ramrolf.lv\/ru\/wp-json\/wp\/v2\/media\/46684"}],"wp:attachment":[{"href":"https:\/\/ramrolf.lv\/ru\/wp-json\/wp\/v2\/media?parent=46671"}],"wp:term":[{"taxonomy":"product_cat","embeddable":true,"href":"https:\/\/ramrolf.lv\/ru\/wp-json\/wp\/v2\/product_cat?post=46671"},{"taxonomy":"product_tag","embeddable":true,"href":"https:\/\/ramrolf.lv\/ru\/wp-json\/wp\/v2\/product_tag?post=46671"}],"curies":[{"name":"wp","href":"https:\/\/api.w.org\/{rel}","templated":true}]}}