{"id":46673,"date":"2019-01-25T15:34:06","date_gmt":"2019-01-25T12:34:06","guid":{"rendered":"https:\/\/ramrolf.eu\/product\/new-product-4\/"},"modified":"2019-01-25T22:36:31","modified_gmt":"2019-01-25T19:36:31","slug":"kalkulators-11016","status":"publish","type":"product","link":"https:\/\/ramrolf.lv\/ru\/product\/kalkulators-11016\/","title":{"rendered":"Kalkulators 11016"},"content":{"rendered":"","protected":false},"excerpt":{"rendered":"<p>12 ciparu ekr\u0101ns, izm\u0113ri 178,5x107x27 mm, sudraba kr\u0101s\u0101, da\u017e\u0101dos le\u0146\u0137os regul\u0113jams displejs<\/p>\n","protected":false},"featured_media":46680,"template":"","meta":[],"product_cat":[367],"product_tag":[],"_links":{"self":[{"href":"https:\/\/ramrolf.lv\/ru\/wp-json\/wp\/v2\/product\/46673"}],"collection":[{"href":"https:\/\/ramrolf.lv\/ru\/wp-json\/wp\/v2\/product"}],"about":[{"href":"https:\/\/ramrolf.lv\/ru\/wp-json\/wp\/v2\/types\/product"}],"wp:featuredmedia":[{"embeddable":true,"href":"https:\/\/ramrolf.lv\/ru\/wp-json\/wp\/v2\/media\/46680"}],"wp:attachment":[{"href":"https:\/\/ramrolf.lv\/ru\/wp-json\/wp\/v2\/media?parent=46673"}],"wp:term":[{"taxonomy":"product_cat","embeddable":true,"href":"https:\/\/ramrolf.lv\/ru\/wp-json\/wp\/v2\/product_cat?post=46673"},{"taxonomy":"product_tag","embeddable":true,"href":"https:\/\/ramrolf.lv\/ru\/wp-json\/wp\/v2\/product_tag?post=46673"}],"curies":[{"name":"wp","href":"https:\/\/api.w.org\/{rel}","templated":true}]}}