{"id":46674,"date":"2019-01-25T15:36:31","date_gmt":"2019-01-25T12:36:31","guid":{"rendered":"https:\/\/ramrolf.eu\/product\/new-product-4\/"},"modified":"2019-01-25T22:32:20","modified_gmt":"2019-01-25T19:32:20","slug":"kalkulators-11017","status":"publish","type":"product","link":"https:\/\/ramrolf.lv\/ru\/product\/kalkulators-11017\/","title":{"rendered":"Kalkulators 11017"},"content":{"rendered":"","protected":false},"excerpt":{"rendered":"<p>12 ciparu ekr\u0101ns, zil\u0101 kr\u0101s\u0101, izm\u0113ri: 151,5x107x29 mm<\/p>\n","protected":false},"featured_media":46678,"template":"","meta":[],"product_cat":[367],"product_tag":[],"_links":{"self":[{"href":"https:\/\/ramrolf.lv\/ru\/wp-json\/wp\/v2\/product\/46674"}],"collection":[{"href":"https:\/\/ramrolf.lv\/ru\/wp-json\/wp\/v2\/product"}],"about":[{"href":"https:\/\/ramrolf.lv\/ru\/wp-json\/wp\/v2\/types\/product"}],"wp:featuredmedia":[{"embeddable":true,"href":"https:\/\/ramrolf.lv\/ru\/wp-json\/wp\/v2\/media\/46678"}],"wp:attachment":[{"href":"https:\/\/ramrolf.lv\/ru\/wp-json\/wp\/v2\/media?parent=46674"}],"wp:term":[{"taxonomy":"product_cat","embeddable":true,"href":"https:\/\/ramrolf.lv\/ru\/wp-json\/wp\/v2\/product_cat?post=46674"},{"taxonomy":"product_tag","embeddable":true,"href":"https:\/\/ramrolf.lv\/ru\/wp-json\/wp\/v2\/product_tag?post=46674"}],"curies":[{"name":"wp","href":"https:\/\/api.w.org\/{rel}","templated":true}]}}