{"id":46757,"date":"2019-01-28T12:53:05","date_gmt":"2019-01-28T09:53:05","guid":{"rendered":"https:\/\/ramrolf.eu\/product\/new-product-2\/"},"modified":"2019-02-14T17:38:13","modified_gmt":"2019-02-14T14:38:13","slug":"kantorgramata-a4-96lpp-rutinu-mateta-zila-papira-svars-60g-m2","status":"publish","type":"product","link":"https:\/\/ramrolf.lv\/ru\/product\/kantorgramata-a4-96lpp-rutinu-mateta-zila-papira-svars-60g-m2\/","title":{"rendered":"Kantorgr\u0101mata A4 96lpp, r\u016bti\u0146u mat\u0113ta zila, pap\u012bra svars 60g\/m2"},"content":{"rendered":"","protected":false},"excerpt":{"rendered":"","protected":false},"featured_media":46901,"template":"","meta":[],"product_cat":[460],"product_tag":[],"_links":{"self":[{"href":"https:\/\/ramrolf.lv\/ru\/wp-json\/wp\/v2\/product\/46757"}],"collection":[{"href":"https:\/\/ramrolf.lv\/ru\/wp-json\/wp\/v2\/product"}],"about":[{"href":"https:\/\/ramrolf.lv\/ru\/wp-json\/wp\/v2\/types\/product"}],"wp:featuredmedia":[{"embeddable":true,"href":"https:\/\/ramrolf.lv\/ru\/wp-json\/wp\/v2\/media\/46901"}],"wp:attachment":[{"href":"https:\/\/ramrolf.lv\/ru\/wp-json\/wp\/v2\/media?parent=46757"}],"wp:term":[{"taxonomy":"product_cat","embeddable":true,"href":"https:\/\/ramrolf.lv\/ru\/wp-json\/wp\/v2\/product_cat?post=46757"},{"taxonomy":"product_tag","embeddable":true,"href":"https:\/\/ramrolf.lv\/ru\/wp-json\/wp\/v2\/product_tag?post=46757"}],"curies":[{"name":"wp","href":"https:\/\/api.w.org\/{rel}","templated":true}]}}