{"id":46772,"date":"2019-01-28T14:59:08","date_gmt":"2019-01-28T11:59:08","guid":{"rendered":"https:\/\/ramrolf.eu\/product\/new-product-2\/"},"modified":"2021-08-25T16:30:17","modified_gmt":"2021-08-25T13:30:17","slug":"parastais-zimulis-hb-ar-dzesgumiju-koka-dzeltens","status":"publish","type":"product","link":"https:\/\/ramrolf.lv\/ru\/product\/parastais-zimulis-hb-ar-dzesgumiju-koka-dzeltens\/","title":{"rendered":"Parastais z\u012bmulis HB ar dz\u0113\u0161gumiju koka dzeltens"},"content":{"rendered":"","protected":false},"excerpt":{"rendered":"","protected":false},"featured_media":46843,"template":"","meta":[],"product_cat":[893,337],"product_tag":[],"_links":{"self":[{"href":"https:\/\/ramrolf.lv\/ru\/wp-json\/wp\/v2\/product\/46772"}],"collection":[{"href":"https:\/\/ramrolf.lv\/ru\/wp-json\/wp\/v2\/product"}],"about":[{"href":"https:\/\/ramrolf.lv\/ru\/wp-json\/wp\/v2\/types\/product"}],"wp:featuredmedia":[{"embeddable":true,"href":"https:\/\/ramrolf.lv\/ru\/wp-json\/wp\/v2\/media\/46843"}],"wp:attachment":[{"href":"https:\/\/ramrolf.lv\/ru\/wp-json\/wp\/v2\/media?parent=46772"}],"wp:term":[{"taxonomy":"product_cat","embeddable":true,"href":"https:\/\/ramrolf.lv\/ru\/wp-json\/wp\/v2\/product_cat?post=46772"},{"taxonomy":"product_tag","embeddable":true,"href":"https:\/\/ramrolf.lv\/ru\/wp-json\/wp\/v2\/product_tag?post=46772"}],"curies":[{"name":"wp","href":"https:\/\/api.w.org\/{rel}","templated":true}]}}