{"id":46777,"date":"2019-01-28T16:48:55","date_gmt":"2019-01-28T13:48:55","guid":{"rendered":"https:\/\/ramrolf.eu\/product\/new-product-2\/"},"modified":"2019-02-15T01:55:35","modified_gmt":"2019-02-14T22:55:35","slug":"papirs-piezimem-rezerve-8-5x8-5cm-300-lpp-krasains","status":"publish","type":"product","link":"https:\/\/ramrolf.lv\/ru\/product\/papirs-piezimem-rezerve-8-5x8-5cm-300-lpp-krasains\/","title":{"rendered":"Pap\u012brs piez\u012bm\u0113m rezerve, 8.5&#215;8.5cm, 300 lpp, kr\u0101sains"},"content":{"rendered":"","protected":false},"excerpt":{"rendered":"","protected":false},"featured_media":46958,"template":"","meta":[],"product_cat":[466],"product_tag":[],"_links":{"self":[{"href":"https:\/\/ramrolf.lv\/ru\/wp-json\/wp\/v2\/product\/46777"}],"collection":[{"href":"https:\/\/ramrolf.lv\/ru\/wp-json\/wp\/v2\/product"}],"about":[{"href":"https:\/\/ramrolf.lv\/ru\/wp-json\/wp\/v2\/types\/product"}],"wp:featuredmedia":[{"embeddable":true,"href":"https:\/\/ramrolf.lv\/ru\/wp-json\/wp\/v2\/media\/46958"}],"wp:attachment":[{"href":"https:\/\/ramrolf.lv\/ru\/wp-json\/wp\/v2\/media?parent=46777"}],"wp:term":[{"taxonomy":"product_cat","embeddable":true,"href":"https:\/\/ramrolf.lv\/ru\/wp-json\/wp\/v2\/product_cat?post=46777"},{"taxonomy":"product_tag","embeddable":true,"href":"https:\/\/ramrolf.lv\/ru\/wp-json\/wp\/v2\/product_tag?post=46777"}],"curies":[{"name":"wp","href":"https:\/\/api.w.org\/{rel}","templated":true}]}}