{"id":46783,"date":"2019-01-28T17:04:34","date_gmt":"2019-01-28T14:04:34","guid":{"rendered":"https:\/\/ramrolf.eu\/product\/new-product-2\/"},"modified":"2019-01-29T10:38:54","modified_gmt":"2019-01-29T07:38:54","slug":"limlapinas-7-6x1-02cm-100lp","status":"publish","type":"product","link":"https:\/\/ramrolf.lv\/ru\/product\/limlapinas-7-6x1-02cm-100lp\/","title":{"rendered":"L\u012bmlapi\u0146as 7.6\u00d71.02cm 100lp."},"content":{"rendered":"","protected":false},"excerpt":{"rendered":"","protected":false},"featured_media":39881,"template":"","meta":[],"product_cat":[465],"product_tag":[],"_links":{"self":[{"href":"https:\/\/ramrolf.lv\/ru\/wp-json\/wp\/v2\/product\/46783"}],"collection":[{"href":"https:\/\/ramrolf.lv\/ru\/wp-json\/wp\/v2\/product"}],"about":[{"href":"https:\/\/ramrolf.lv\/ru\/wp-json\/wp\/v2\/types\/product"}],"wp:featuredmedia":[{"embeddable":true,"href":"https:\/\/ramrolf.lv\/ru\/wp-json\/wp\/v2\/media\/39881"}],"wp:attachment":[{"href":"https:\/\/ramrolf.lv\/ru\/wp-json\/wp\/v2\/media?parent=46783"}],"wp:term":[{"taxonomy":"product_cat","embeddable":true,"href":"https:\/\/ramrolf.lv\/ru\/wp-json\/wp\/v2\/product_cat?post=46783"},{"taxonomy":"product_tag","embeddable":true,"href":"https:\/\/ramrolf.lv\/ru\/wp-json\/wp\/v2\/product_tag?post=46783"}],"curies":[{"name":"wp","href":"https:\/\/api.w.org\/{rel}","templated":true}]}}