{"id":46786,"date":"2019-01-28T17:25:53","date_gmt":"2019-01-28T14:25:53","guid":{"rendered":"https:\/\/ramrolf.eu\/product\/new-product-2\/"},"modified":"2019-01-29T10:40:10","modified_gmt":"2019-01-29T07:40:10","slug":"limlapinas-kubs-5-1x5-1cm-50lp-x-5-neon-kr","status":"publish","type":"product","link":"https:\/\/ramrolf.lv\/ru\/product\/limlapinas-kubs-5-1x5-1cm-50lp-x-5-neon-kr\/","title":{"rendered":"L\u012bmlapi\u0146as kubs 5.1\u00d75.1cm 50lp x 5 neon kr."},"content":{"rendered":"","protected":false},"excerpt":{"rendered":"","protected":false},"featured_media":39881,"template":"","meta":[],"product_cat":[465],"product_tag":[],"_links":{"self":[{"href":"https:\/\/ramrolf.lv\/ru\/wp-json\/wp\/v2\/product\/46786"}],"collection":[{"href":"https:\/\/ramrolf.lv\/ru\/wp-json\/wp\/v2\/product"}],"about":[{"href":"https:\/\/ramrolf.lv\/ru\/wp-json\/wp\/v2\/types\/product"}],"wp:featuredmedia":[{"embeddable":true,"href":"https:\/\/ramrolf.lv\/ru\/wp-json\/wp\/v2\/media\/39881"}],"wp:attachment":[{"href":"https:\/\/ramrolf.lv\/ru\/wp-json\/wp\/v2\/media?parent=46786"}],"wp:term":[{"taxonomy":"product_cat","embeddable":true,"href":"https:\/\/ramrolf.lv\/ru\/wp-json\/wp\/v2\/product_cat?post=46786"},{"taxonomy":"product_tag","embeddable":true,"href":"https:\/\/ramrolf.lv\/ru\/wp-json\/wp\/v2\/product_tag?post=46786"}],"curies":[{"name":"wp","href":"https:\/\/api.w.org\/{rel}","templated":true}]}}