{"id":46801,"date":"2019-01-29T10:43:10","date_gmt":"2019-01-29T07:43:10","guid":{"rendered":"https:\/\/ramrolf.eu\/product\/new-product-2\/"},"modified":"2019-02-15T01:51:42","modified_gmt":"2019-02-14T22:51:42","slug":"piezimju-limlapinas-forpus-50x38mm-neon-3gb","status":"publish","type":"product","link":"https:\/\/ramrolf.lv\/ru\/product\/piezimju-limlapinas-forpus-50x38mm-neon-3gb\/","title":{"rendered":"Piez\u012bmju l\u012bmlapi\u0146as FORPUS 50x38mm NEON 3gb"},"content":{"rendered":"","protected":false},"excerpt":{"rendered":"","protected":false},"featured_media":46955,"template":"","meta":[],"product_cat":[465],"product_tag":[],"_links":{"self":[{"href":"https:\/\/ramrolf.lv\/ru\/wp-json\/wp\/v2\/product\/46801"}],"collection":[{"href":"https:\/\/ramrolf.lv\/ru\/wp-json\/wp\/v2\/product"}],"about":[{"href":"https:\/\/ramrolf.lv\/ru\/wp-json\/wp\/v2\/types\/product"}],"wp:featuredmedia":[{"embeddable":true,"href":"https:\/\/ramrolf.lv\/ru\/wp-json\/wp\/v2\/media\/46955"}],"wp:attachment":[{"href":"https:\/\/ramrolf.lv\/ru\/wp-json\/wp\/v2\/media?parent=46801"}],"wp:term":[{"taxonomy":"product_cat","embeddable":true,"href":"https:\/\/ramrolf.lv\/ru\/wp-json\/wp\/v2\/product_cat?post=46801"},{"taxonomy":"product_tag","embeddable":true,"href":"https:\/\/ramrolf.lv\/ru\/wp-json\/wp\/v2\/product_tag?post=46801"}],"curies":[{"name":"wp","href":"https:\/\/api.w.org\/{rel}","templated":true}]}}