{"id":46804,"date":"2019-01-29T10:47:38","date_gmt":"2019-01-29T07:47:38","guid":{"rendered":"https:\/\/ramrolf.eu\/product\/new-product-2\/"},"modified":"2019-02-15T01:49:44","modified_gmt":"2019-02-14T22:49:44","slug":"limlapinas-forpus-100x75mm-100lpp-dzeltena-krasa","status":"publish","type":"product","link":"https:\/\/ramrolf.lv\/ru\/product\/limlapinas-forpus-100x75mm-100lpp-dzeltena-krasa\/","title":{"rendered":"L\u012bmlapi\u0146as FORPUS 100x75mm 100lpp, dzeltena kr\u0101sa"},"content":{"rendered":"","protected":false},"excerpt":{"rendered":"","protected":false},"featured_media":46954,"template":"","meta":[],"product_cat":[465],"product_tag":[],"_links":{"self":[{"href":"https:\/\/ramrolf.lv\/ru\/wp-json\/wp\/v2\/product\/46804"}],"collection":[{"href":"https:\/\/ramrolf.lv\/ru\/wp-json\/wp\/v2\/product"}],"about":[{"href":"https:\/\/ramrolf.lv\/ru\/wp-json\/wp\/v2\/types\/product"}],"wp:featuredmedia":[{"embeddable":true,"href":"https:\/\/ramrolf.lv\/ru\/wp-json\/wp\/v2\/media\/46954"}],"wp:attachment":[{"href":"https:\/\/ramrolf.lv\/ru\/wp-json\/wp\/v2\/media?parent=46804"}],"wp:term":[{"taxonomy":"product_cat","embeddable":true,"href":"https:\/\/ramrolf.lv\/ru\/wp-json\/wp\/v2\/product_cat?post=46804"},{"taxonomy":"product_tag","embeddable":true,"href":"https:\/\/ramrolf.lv\/ru\/wp-json\/wp\/v2\/product_tag?post=46804"}],"curies":[{"name":"wp","href":"https:\/\/api.w.org\/{rel}","templated":true}]}}