{"id":46821,"date":"2019-01-29T11:19:29","date_gmt":"2019-01-29T08:19:29","guid":{"rendered":"https:\/\/ramrolf.eu\/product\/new-product-2\/"},"modified":"2019-02-15T01:11:25","modified_gmt":"2019-02-14T22:11:25","slug":"limlapinas-75x75mm-100-lpp-4-neona-krasas","status":"publish","type":"product","link":"https:\/\/ramrolf.lv\/ru\/product\/limlapinas-75x75mm-100-lpp-4-neona-krasas\/","title":{"rendered":"L\u012bmlapi\u0146as 75x75mm, 100 lpp, 4 neona kr\u0101s\u0101s"},"content":{"rendered":"","protected":false},"excerpt":{"rendered":"","protected":false},"featured_media":46948,"template":"","meta":[],"product_cat":[465],"product_tag":[],"_links":{"self":[{"href":"https:\/\/ramrolf.lv\/ru\/wp-json\/wp\/v2\/product\/46821"}],"collection":[{"href":"https:\/\/ramrolf.lv\/ru\/wp-json\/wp\/v2\/product"}],"about":[{"href":"https:\/\/ramrolf.lv\/ru\/wp-json\/wp\/v2\/types\/product"}],"wp:featuredmedia":[{"embeddable":true,"href":"https:\/\/ramrolf.lv\/ru\/wp-json\/wp\/v2\/media\/46948"}],"wp:attachment":[{"href":"https:\/\/ramrolf.lv\/ru\/wp-json\/wp\/v2\/media?parent=46821"}],"wp:term":[{"taxonomy":"product_cat","embeddable":true,"href":"https:\/\/ramrolf.lv\/ru\/wp-json\/wp\/v2\/product_cat?post=46821"},{"taxonomy":"product_tag","embeddable":true,"href":"https:\/\/ramrolf.lv\/ru\/wp-json\/wp\/v2\/product_tag?post=46821"}],"curies":[{"name":"wp","href":"https:\/\/api.w.org\/{rel}","templated":true}]}}