{"id":46830,"date":"2019-01-29T16:36:49","date_gmt":"2019-01-29T13:36:49","guid":{"rendered":"https:\/\/ramrolf.eu\/product\/new-product-2\/"},"modified":"2019-02-15T01:07:47","modified_gmt":"2019-02-14T22:07:47","slug":"paslimejosie-indeksi-12mm44mm-5x25lpp-caurspidigi","status":"publish","type":"product","link":"https:\/\/ramrolf.lv\/ru\/product\/paslimejosie-indeksi-12mm44mm-5x25lpp-caurspidigi\/","title":{"rendered":"Pa\u0161l\u012bm\u0113jo\u0161ie indeksi 12mm*44mm 5x25lpp caursp\u012bd\u012bgi"},"content":{"rendered":"","protected":false},"excerpt":{"rendered":"","protected":false},"featured_media":46945,"template":"","meta":[],"product_cat":[480],"product_tag":[],"_links":{"self":[{"href":"https:\/\/ramrolf.lv\/ru\/wp-json\/wp\/v2\/product\/46830"}],"collection":[{"href":"https:\/\/ramrolf.lv\/ru\/wp-json\/wp\/v2\/product"}],"about":[{"href":"https:\/\/ramrolf.lv\/ru\/wp-json\/wp\/v2\/types\/product"}],"wp:featuredmedia":[{"embeddable":true,"href":"https:\/\/ramrolf.lv\/ru\/wp-json\/wp\/v2\/media\/46945"}],"wp:attachment":[{"href":"https:\/\/ramrolf.lv\/ru\/wp-json\/wp\/v2\/media?parent=46830"}],"wp:term":[{"taxonomy":"product_cat","embeddable":true,"href":"https:\/\/ramrolf.lv\/ru\/wp-json\/wp\/v2\/product_cat?post=46830"},{"taxonomy":"product_tag","embeddable":true,"href":"https:\/\/ramrolf.lv\/ru\/wp-json\/wp\/v2\/product_tag?post=46830"}],"curies":[{"name":"wp","href":"https:\/\/api.w.org\/{rel}","templated":true}]}}