{"id":46831,"date":"2019-01-29T16:38:26","date_gmt":"2019-01-29T13:38:26","guid":{"rendered":"https:\/\/ramrolf.eu\/product\/new-product-2\/"},"modified":"2019-02-15T01:07:08","modified_gmt":"2019-02-14T22:07:08","slug":"indeksi-izmers-25-443-2-mm-50-lpp-zals","status":"publish","type":"product","link":"https:\/\/ramrolf.lv\/ru\/product\/indeksi-izmers-25-443-2-mm-50-lpp-zals\/","title":{"rendered":"Indeksi, izm\u0113rs 25.4*43.2 mm, 50 lpp za\u013c\u0161"},"content":{"rendered":"","protected":false},"excerpt":{"rendered":"","protected":false},"featured_media":46944,"template":"","meta":[],"product_cat":[480],"product_tag":[],"_links":{"self":[{"href":"https:\/\/ramrolf.lv\/ru\/wp-json\/wp\/v2\/product\/46831"}],"collection":[{"href":"https:\/\/ramrolf.lv\/ru\/wp-json\/wp\/v2\/product"}],"about":[{"href":"https:\/\/ramrolf.lv\/ru\/wp-json\/wp\/v2\/types\/product"}],"wp:featuredmedia":[{"embeddable":true,"href":"https:\/\/ramrolf.lv\/ru\/wp-json\/wp\/v2\/media\/46944"}],"wp:attachment":[{"href":"https:\/\/ramrolf.lv\/ru\/wp-json\/wp\/v2\/media?parent=46831"}],"wp:term":[{"taxonomy":"product_cat","embeddable":true,"href":"https:\/\/ramrolf.lv\/ru\/wp-json\/wp\/v2\/product_cat?post=46831"},{"taxonomy":"product_tag","embeddable":true,"href":"https:\/\/ramrolf.lv\/ru\/wp-json\/wp\/v2\/product_tag?post=46831"}],"curies":[{"name":"wp","href":"https:\/\/api.w.org\/{rel}","templated":true}]}}