{"id":46835,"date":"2019-01-29T16:57:37","date_gmt":"2019-01-29T13:57:37","guid":{"rendered":"https:\/\/ramrolf.eu\/product\/new-product-2\/"},"modified":"2019-02-15T01:02:51","modified_gmt":"2019-02-14T22:02:51","slug":"papira-indeksi-bultinas-4-krasas-15x50mm","status":"publish","type":"product","link":"https:\/\/ramrolf.lv\/ru\/product\/papira-indeksi-bultinas-4-krasas-15x50mm\/","title":{"rendered":"Pap\u012bra indeksi-bulti\u0146as, 4 kr\u0101sas, 15x50mm"},"content":{"rendered":"","protected":false},"excerpt":{"rendered":"<p>Komplekt\u0101 4 kr\u0101su 50 lpp indeksi<\/p>\n","protected":false},"featured_media":46943,"template":"","meta":[],"product_cat":[480],"product_tag":[],"_links":{"self":[{"href":"https:\/\/ramrolf.lv\/ru\/wp-json\/wp\/v2\/product\/46835"}],"collection":[{"href":"https:\/\/ramrolf.lv\/ru\/wp-json\/wp\/v2\/product"}],"about":[{"href":"https:\/\/ramrolf.lv\/ru\/wp-json\/wp\/v2\/types\/product"}],"wp:featuredmedia":[{"embeddable":true,"href":"https:\/\/ramrolf.lv\/ru\/wp-json\/wp\/v2\/media\/46943"}],"wp:attachment":[{"href":"https:\/\/ramrolf.lv\/ru\/wp-json\/wp\/v2\/media?parent=46835"}],"wp:term":[{"taxonomy":"product_cat","embeddable":true,"href":"https:\/\/ramrolf.lv\/ru\/wp-json\/wp\/v2\/product_cat?post=46835"},{"taxonomy":"product_tag","embeddable":true,"href":"https:\/\/ramrolf.lv\/ru\/wp-json\/wp\/v2\/product_tag?post=46835"}],"curies":[{"name":"wp","href":"https:\/\/api.w.org\/{rel}","templated":true}]}}