{"id":46845,"date":"2019-01-30T11:13:07","date_gmt":"2019-01-30T08:13:07","guid":{"rendered":"https:\/\/ramrolf.eu\/product\/new-product-3\/"},"modified":"2019-02-15T00:54:51","modified_gmt":"2019-02-14T21:54:51","slug":"dokumentu-kabatinas-a4-matetas-40-mic-100-gab","status":"publish","type":"product","link":"https:\/\/ramrolf.lv\/ru\/product\/dokumentu-kabatinas-a4-matetas-40-mic-100-gab\/","title":{"rendered":"Dokumentu kabati\u0146as A4, mat\u0113tas, 40 mic, 100 gab."},"content":{"rendered":"","protected":false},"excerpt":{"rendered":"<p>Dokumentu kabati\u0146as A4, ar eiroperfor\u0101ciju, kas \u013cauj izmantot kabati\u0146as jebkur\u0101s map\u0113s, ra\u017eotas Eirop\u0101.<\/p>\n","protected":false},"featured_media":46934,"template":"","meta":[],"product_cat":[482],"product_tag":[],"_links":{"self":[{"href":"https:\/\/ramrolf.lv\/ru\/wp-json\/wp\/v2\/product\/46845"}],"collection":[{"href":"https:\/\/ramrolf.lv\/ru\/wp-json\/wp\/v2\/product"}],"about":[{"href":"https:\/\/ramrolf.lv\/ru\/wp-json\/wp\/v2\/types\/product"}],"wp:featuredmedia":[{"embeddable":true,"href":"https:\/\/ramrolf.lv\/ru\/wp-json\/wp\/v2\/media\/46934"}],"wp:attachment":[{"href":"https:\/\/ramrolf.lv\/ru\/wp-json\/wp\/v2\/media?parent=46845"}],"wp:term":[{"taxonomy":"product_cat","embeddable":true,"href":"https:\/\/ramrolf.lv\/ru\/wp-json\/wp\/v2\/product_cat?post=46845"},{"taxonomy":"product_tag","embeddable":true,"href":"https:\/\/ramrolf.lv\/ru\/wp-json\/wp\/v2\/product_tag?post=46845"}],"curies":[{"name":"wp","href":"https:\/\/api.w.org\/{rel}","templated":true}]}}