{"id":46852,"date":"2019-01-30T12:31:57","date_gmt":"2019-01-30T09:31:57","guid":{"rendered":"https:\/\/ramrolf.eu\/product\/new-product-3\/"},"modified":"2019-02-14T23:41:47","modified_gmt":"2019-02-14T20:41:47","slug":"dokumentu-mape-ar-gumijam-forpus-a4-metaliski-peleks","status":"publish","type":"product","link":"https:\/\/ramrolf.lv\/ru\/product\/dokumentu-mape-ar-gumijam-forpus-a4-metaliski-peleks\/","title":{"rendered":"Dokumentu mape ar gumij\u0101m FORPUS A4, met\u0101liski pel\u0113ks"},"content":{"rendered":"","protected":false},"excerpt":{"rendered":"<p>\u0112rta, ietilp\u012bga mape no iztur\u012bgas, skaistas, puscaursp\u012bd\u012bgas plastmasas. Ietilpst l\u012bdz 150 standarta lap\u0101m.<\/p>\n","protected":false},"featured_media":46907,"template":"","meta":[],"product_cat":[487],"product_tag":[],"_links":{"self":[{"href":"https:\/\/ramrolf.lv\/ru\/wp-json\/wp\/v2\/product\/46852"}],"collection":[{"href":"https:\/\/ramrolf.lv\/ru\/wp-json\/wp\/v2\/product"}],"about":[{"href":"https:\/\/ramrolf.lv\/ru\/wp-json\/wp\/v2\/types\/product"}],"wp:featuredmedia":[{"embeddable":true,"href":"https:\/\/ramrolf.lv\/ru\/wp-json\/wp\/v2\/media\/46907"}],"wp:attachment":[{"href":"https:\/\/ramrolf.lv\/ru\/wp-json\/wp\/v2\/media?parent=46852"}],"wp:term":[{"taxonomy":"product_cat","embeddable":true,"href":"https:\/\/ramrolf.lv\/ru\/wp-json\/wp\/v2\/product_cat?post=46852"},{"taxonomy":"product_tag","embeddable":true,"href":"https:\/\/ramrolf.lv\/ru\/wp-json\/wp\/v2\/product_tag?post=46852"}],"curies":[{"name":"wp","href":"https:\/\/api.w.org\/{rel}","templated":true}]}}