{"id":46853,"date":"2019-01-30T12:34:49","date_gmt":"2019-01-30T09:34:49","guid":{"rendered":"https:\/\/ramrolf.eu\/product\/new-product-3\/"},"modified":"2019-01-30T12:37:43","modified_gmt":"2019-01-30T09:37:43","slug":"dokumentu-mape-ar-gumijam-forpus-a4-peleka","status":"publish","type":"product","link":"https:\/\/ramrolf.lv\/ru\/product\/dokumentu-mape-ar-gumijam-forpus-a4-peleka\/","title":{"rendered":"Dokumentu mape ar gumij\u0101m FORPUS A4, pel\u0113ka"},"content":{"rendered":"","protected":false},"excerpt":{"rendered":"<p>Praktiska, nodilumiztur\u012bga mape no iztur\u012bgas, pl\u0101nas, necaursp\u012bd\u012bgas plastmasas ar trim platiem iek\u0161\u0113jiem fiks\u0113t\u0101jiem. St\u016bros cie\u0161i aiztais\u0101ma ar apa\u013caj\u0101m gumij\u0101m. Ietilpst l\u012bdz 150 standarta lap\u0101m.<\/p>\n","protected":false},"featured_media":46552,"template":"","meta":[],"product_cat":[487],"product_tag":[],"_links":{"self":[{"href":"https:\/\/ramrolf.lv\/ru\/wp-json\/wp\/v2\/product\/46853"}],"collection":[{"href":"https:\/\/ramrolf.lv\/ru\/wp-json\/wp\/v2\/product"}],"about":[{"href":"https:\/\/ramrolf.lv\/ru\/wp-json\/wp\/v2\/types\/product"}],"wp:featuredmedia":[{"embeddable":true,"href":"https:\/\/ramrolf.lv\/ru\/wp-json\/wp\/v2\/media\/46552"}],"wp:attachment":[{"href":"https:\/\/ramrolf.lv\/ru\/wp-json\/wp\/v2\/media?parent=46853"}],"wp:term":[{"taxonomy":"product_cat","embeddable":true,"href":"https:\/\/ramrolf.lv\/ru\/wp-json\/wp\/v2\/product_cat?post=46853"},{"taxonomy":"product_tag","embeddable":true,"href":"https:\/\/ramrolf.lv\/ru\/wp-json\/wp\/v2\/product_tag?post=46853"}],"curies":[{"name":"wp","href":"https:\/\/api.w.org\/{rel}","templated":true}]}}