{"id":46856,"date":"2019-01-30T13:48:05","date_gmt":"2019-01-30T10:48:05","guid":{"rendered":"https:\/\/ramrolf.eu\/product\/new-product-3\/"},"modified":"2019-02-14T23:42:35","modified_gmt":"2019-02-14T20:42:35","slug":"mape-ar-gumijam-forpus-a4-sudraba","status":"publish","type":"product","link":"https:\/\/ramrolf.lv\/ru\/product\/mape-ar-gumijam-forpus-a4-sudraba\/","title":{"rendered":"Mape ar gumij\u0101m FORPUS A4, sudraba"},"content":{"rendered":"","protected":false},"excerpt":{"rendered":"<p>Ietilp\u012bga mape dokumentu glab\u0101\u0161anai un transport\u0113\u0161anai. Form\u0101ts \u04104. Bez iek\u0161\u0113jiem nodal\u012bjumiem. Aiztais\u0101ma ar gumij\u0101m st\u016bros. Izgatavota no faktur\u0113tas plastmasas, mala apdarin\u0101ta ar melnu lentu. Met\u0101la st\u016br\u012b\u0161i.<\/p>\n","protected":false},"featured_media":46908,"template":"","meta":[],"product_cat":[487],"product_tag":[],"_links":{"self":[{"href":"https:\/\/ramrolf.lv\/ru\/wp-json\/wp\/v2\/product\/46856"}],"collection":[{"href":"https:\/\/ramrolf.lv\/ru\/wp-json\/wp\/v2\/product"}],"about":[{"href":"https:\/\/ramrolf.lv\/ru\/wp-json\/wp\/v2\/types\/product"}],"wp:featuredmedia":[{"embeddable":true,"href":"https:\/\/ramrolf.lv\/ru\/wp-json\/wp\/v2\/media\/46908"}],"wp:attachment":[{"href":"https:\/\/ramrolf.lv\/ru\/wp-json\/wp\/v2\/media?parent=46856"}],"wp:term":[{"taxonomy":"product_cat","embeddable":true,"href":"https:\/\/ramrolf.lv\/ru\/wp-json\/wp\/v2\/product_cat?post=46856"},{"taxonomy":"product_tag","embeddable":true,"href":"https:\/\/ramrolf.lv\/ru\/wp-json\/wp\/v2\/product_tag?post=46856"}],"curies":[{"name":"wp","href":"https:\/\/api.w.org\/{rel}","templated":true}]}}