{"id":46866,"date":"2019-01-30T15:12:26","date_gmt":"2019-01-30T12:12:26","guid":{"rendered":"https:\/\/ramrolf.eu\/product\/new-product-3\/"},"modified":"2019-02-15T00:16:54","modified_gmt":"2019-02-14T21:16:54","slug":"mape-plansete-ar-vaku-a4-melna","status":"publish","type":"product","link":"https:\/\/ramrolf.lv\/ru\/product\/mape-plansete-ar-vaku-a4-melna\/","title":{"rendered":"Mape-plan\u0161ete ar v\u0101ku A4 , melna"},"content":{"rendered":"","protected":false},"excerpt":{"rendered":"<p>Atverama mape-plan\u0161ete. Vienk\u0101r\u0161s, \u0113rts, dro\u0161s piespied\u0113jmeh\u0101nisms. Izgatavota no kartona.<\/p>\n","protected":false},"featured_media":46923,"template":"","meta":[],"product_cat":[479],"product_tag":[],"_links":{"self":[{"href":"https:\/\/ramrolf.lv\/ru\/wp-json\/wp\/v2\/product\/46866"}],"collection":[{"href":"https:\/\/ramrolf.lv\/ru\/wp-json\/wp\/v2\/product"}],"about":[{"href":"https:\/\/ramrolf.lv\/ru\/wp-json\/wp\/v2\/types\/product"}],"wp:featuredmedia":[{"embeddable":true,"href":"https:\/\/ramrolf.lv\/ru\/wp-json\/wp\/v2\/media\/46923"}],"wp:attachment":[{"href":"https:\/\/ramrolf.lv\/ru\/wp-json\/wp\/v2\/media?parent=46866"}],"wp:term":[{"taxonomy":"product_cat","embeddable":true,"href":"https:\/\/ramrolf.lv\/ru\/wp-json\/wp\/v2\/product_cat?post=46866"},{"taxonomy":"product_tag","embeddable":true,"href":"https:\/\/ramrolf.lv\/ru\/wp-json\/wp\/v2\/product_tag?post=46866"}],"curies":[{"name":"wp","href":"https:\/\/api.w.org\/{rel}","templated":true}]}}