{"id":46867,"date":"2019-01-30T15:13:42","date_gmt":"2019-01-30T12:13:42","guid":{"rendered":"https:\/\/ramrolf.eu\/product\/new-product-3\/"},"modified":"2019-02-15T00:10:05","modified_gmt":"2019-02-14T21:10:05","slug":"mape-plansete-ar-vaku-a4-zila","status":"publish","type":"product","link":"https:\/\/ramrolf.lv\/ru\/product\/mape-plansete-ar-vaku-a4-zila\/","title":{"rendered":"Mape-plan\u0161ete ar v\u0101ku A4 , zila"},"content":{"rendered":"","protected":false},"excerpt":{"rendered":"<p>Atverama mape-plan\u0161ete. Vienk\u0101r\u0161s, \u0113rts, dro\u0161s piespied\u0113jmeh\u0101nisms. Izgatavota no kartona.<\/p>\n","protected":false},"featured_media":46923,"template":"","meta":[],"product_cat":[479],"product_tag":[],"_links":{"self":[{"href":"https:\/\/ramrolf.lv\/ru\/wp-json\/wp\/v2\/product\/46867"}],"collection":[{"href":"https:\/\/ramrolf.lv\/ru\/wp-json\/wp\/v2\/product"}],"about":[{"href":"https:\/\/ramrolf.lv\/ru\/wp-json\/wp\/v2\/types\/product"}],"wp:featuredmedia":[{"embeddable":true,"href":"https:\/\/ramrolf.lv\/ru\/wp-json\/wp\/v2\/media\/46923"}],"wp:attachment":[{"href":"https:\/\/ramrolf.lv\/ru\/wp-json\/wp\/v2\/media?parent=46867"}],"wp:term":[{"taxonomy":"product_cat","embeddable":true,"href":"https:\/\/ramrolf.lv\/ru\/wp-json\/wp\/v2\/product_cat?post=46867"},{"taxonomy":"product_tag","embeddable":true,"href":"https:\/\/ramrolf.lv\/ru\/wp-json\/wp\/v2\/product_tag?post=46867"}],"curies":[{"name":"wp","href":"https:\/\/api.w.org\/{rel}","templated":true}]}}