{"id":46875,"date":"2019-01-31T16:38:15","date_gmt":"2019-01-31T13:38:15","guid":{"rendered":"https:\/\/ramrolf.eu\/product\/new-product-3\/"},"modified":"2019-02-14T23:58:41","modified_gmt":"2019-02-14T20:58:41","slug":"serdeni-mehaniskajam-zimulim-0-7-mm-hb","status":"publish","type":"product","link":"https:\/\/ramrolf.lv\/ru\/product\/serdeni-mehaniskajam-zimulim-0-7-mm-hb\/","title":{"rendered":"Serde\u0146i meh\u0101niskajam z\u012bmulim 0.7 mm HB"},"content":{"rendered":"","protected":false},"excerpt":{"rendered":"<p>15 serde\u0146i iztur\u012bg\u0101 plastmasas konteiner\u0101. Serde\u0146a garums \u2013 60 mm.<\/p>\n","protected":false},"featured_media":46914,"template":"","meta":[],"product_cat":[893],"product_tag":[],"_links":{"self":[{"href":"https:\/\/ramrolf.lv\/ru\/wp-json\/wp\/v2\/product\/46875"}],"collection":[{"href":"https:\/\/ramrolf.lv\/ru\/wp-json\/wp\/v2\/product"}],"about":[{"href":"https:\/\/ramrolf.lv\/ru\/wp-json\/wp\/v2\/types\/product"}],"wp:featuredmedia":[{"embeddable":true,"href":"https:\/\/ramrolf.lv\/ru\/wp-json\/wp\/v2\/media\/46914"}],"wp:attachment":[{"href":"https:\/\/ramrolf.lv\/ru\/wp-json\/wp\/v2\/media?parent=46875"}],"wp:term":[{"taxonomy":"product_cat","embeddable":true,"href":"https:\/\/ramrolf.lv\/ru\/wp-json\/wp\/v2\/product_cat?post=46875"},{"taxonomy":"product_tag","embeddable":true,"href":"https:\/\/ramrolf.lv\/ru\/wp-json\/wp\/v2\/product_tag?post=46875"}],"curies":[{"name":"wp","href":"https:\/\/api.w.org\/{rel}","templated":true}]}}