{"id":46876,"date":"2019-01-31T16:40:06","date_gmt":"2019-01-31T13:40:06","guid":{"rendered":"https:\/\/ramrolf.eu\/product\/new-product-3\/"},"modified":"2019-02-14T23:57:54","modified_gmt":"2019-02-14T20:57:54","slug":"mehaniskais-zimulis-dynamic-0-5-mm","status":"publish","type":"product","link":"https:\/\/ramrolf.lv\/ru\/product\/mehaniskais-zimulis-dynamic-0-5-mm\/","title":{"rendered":"Meh\u0101niskais z\u012bmulis &#171;DYNAMIC&#187; 0.5 mm"},"content":{"rendered":"","protected":false},"excerpt":{"rendered":"<p>Autom\u0101tiskais z\u012bmulis. Korpusa modelis analo\u0123isks pildspalvai \u201eDYNAMIC\u201d. Zem serde\u0146a padeves pogas v\u0101ci\u0146a atrodas dz\u0113\u0161amgumija. Piln\u012bb\u0101 ievelkams meh\u0101nisms. Serde\u0146a ciet\u012bba HB. L\u012bnijas biezums \u2013 0,5 mm.<\/p>\n","protected":false},"featured_media":46918,"template":"","meta":[],"product_cat":[893],"product_tag":[],"_links":{"self":[{"href":"https:\/\/ramrolf.lv\/ru\/wp-json\/wp\/v2\/product\/46876"}],"collection":[{"href":"https:\/\/ramrolf.lv\/ru\/wp-json\/wp\/v2\/product"}],"about":[{"href":"https:\/\/ramrolf.lv\/ru\/wp-json\/wp\/v2\/types\/product"}],"wp:featuredmedia":[{"embeddable":true,"href":"https:\/\/ramrolf.lv\/ru\/wp-json\/wp\/v2\/media\/46918"}],"wp:attachment":[{"href":"https:\/\/ramrolf.lv\/ru\/wp-json\/wp\/v2\/media?parent=46876"}],"wp:term":[{"taxonomy":"product_cat","embeddable":true,"href":"https:\/\/ramrolf.lv\/ru\/wp-json\/wp\/v2\/product_cat?post=46876"},{"taxonomy":"product_tag","embeddable":true,"href":"https:\/\/ramrolf.lv\/ru\/wp-json\/wp\/v2\/product_tag?post=46876"}],"curies":[{"name":"wp","href":"https:\/\/api.w.org\/{rel}","templated":true}]}}