{"id":46878,"date":"2019-01-31T16:49:00","date_gmt":"2019-01-31T13:49:00","guid":{"rendered":"https:\/\/ramrolf.eu\/product\/new-product-3\/"},"modified":"2019-02-14T23:54:52","modified_gmt":"2019-02-14T20:54:52","slug":"zimulis-hb-neuzasinats-bez-dzesgumijas","status":"publish","type":"product","link":"https:\/\/ramrolf.lv\/ru\/product\/zimulis-hb-neuzasinats-bez-dzesgumijas\/","title":{"rendered":"Z\u012bmulis HB, neuzasin\u0101ts, bez dz\u0113\u0161gumijas."},"content":{"rendered":"","protected":false},"excerpt":{"rendered":"","protected":false},"featured_media":46917,"template":"","meta":[],"product_cat":[893],"product_tag":[],"_links":{"self":[{"href":"https:\/\/ramrolf.lv\/ru\/wp-json\/wp\/v2\/product\/46878"}],"collection":[{"href":"https:\/\/ramrolf.lv\/ru\/wp-json\/wp\/v2\/product"}],"about":[{"href":"https:\/\/ramrolf.lv\/ru\/wp-json\/wp\/v2\/types\/product"}],"wp:featuredmedia":[{"embeddable":true,"href":"https:\/\/ramrolf.lv\/ru\/wp-json\/wp\/v2\/media\/46917"}],"wp:attachment":[{"href":"https:\/\/ramrolf.lv\/ru\/wp-json\/wp\/v2\/media?parent=46878"}],"wp:term":[{"taxonomy":"product_cat","embeddable":true,"href":"https:\/\/ramrolf.lv\/ru\/wp-json\/wp\/v2\/product_cat?post=46878"},{"taxonomy":"product_tag","embeddable":true,"href":"https:\/\/ramrolf.lv\/ru\/wp-json\/wp\/v2\/product_tag?post=46878"}],"curies":[{"name":"wp","href":"https:\/\/api.w.org\/{rel}","templated":true}]}}