{"id":46881,"date":"2019-01-31T16:53:11","date_gmt":"2019-01-31T13:53:11","guid":{"rendered":"https:\/\/ramrolf.eu\/product\/new-product-3\/"},"modified":"2019-02-14T23:50:58","modified_gmt":"2019-02-14T20:50:58","slug":"zimulis-ar-dzesgumiju-hb-melns-korpuss","status":"publish","type":"product","link":"https:\/\/ramrolf.lv\/ru\/product\/zimulis-ar-dzesgumiju-hb-melns-korpuss\/","title":{"rendered":"Z\u012bmulis ar dz\u0113\u0161gumiju HB, melns korpuss"},"content":{"rendered":"","protected":false},"excerpt":{"rendered":"","protected":false},"featured_media":46915,"template":"","meta":[],"product_cat":[893],"product_tag":[],"_links":{"self":[{"href":"https:\/\/ramrolf.lv\/ru\/wp-json\/wp\/v2\/product\/46881"}],"collection":[{"href":"https:\/\/ramrolf.lv\/ru\/wp-json\/wp\/v2\/product"}],"about":[{"href":"https:\/\/ramrolf.lv\/ru\/wp-json\/wp\/v2\/types\/product"}],"wp:featuredmedia":[{"embeddable":true,"href":"https:\/\/ramrolf.lv\/ru\/wp-json\/wp\/v2\/media\/46915"}],"wp:attachment":[{"href":"https:\/\/ramrolf.lv\/ru\/wp-json\/wp\/v2\/media?parent=46881"}],"wp:term":[{"taxonomy":"product_cat","embeddable":true,"href":"https:\/\/ramrolf.lv\/ru\/wp-json\/wp\/v2\/product_cat?post=46881"},{"taxonomy":"product_tag","embeddable":true,"href":"https:\/\/ramrolf.lv\/ru\/wp-json\/wp\/v2\/product_tag?post=46881"}],"curies":[{"name":"wp","href":"https:\/\/api.w.org\/{rel}","templated":true}]}}