{"id":46971,"date":"2019-02-18T12:14:54","date_gmt":"2019-02-18T09:14:54","guid":{"rendered":"https:\/\/ramrolf.eu\/product\/new-product-2\/"},"modified":"2019-02-18T12:20:35","modified_gmt":"2019-02-18T09:20:35","slug":"korekcijas-tepe-20ml","status":"publish","type":"product","link":"https:\/\/ramrolf.lv\/ru\/product\/korekcijas-tepe-20ml\/","title":{"rendered":"Korekcijas tepe 20ml"},"content":{"rendered":"","protected":false},"excerpt":{"rendered":"<p>Uz spirta b\u0101z\u0113s, \u0101tri \u017e\u016bst, \u012bpa\u0161a aplikatora forma. <\/p>\n","protected":false},"featured_media":46972,"template":"","meta":[],"product_cat":[917],"product_tag":[],"_links":{"self":[{"href":"https:\/\/ramrolf.lv\/ru\/wp-json\/wp\/v2\/product\/46971"}],"collection":[{"href":"https:\/\/ramrolf.lv\/ru\/wp-json\/wp\/v2\/product"}],"about":[{"href":"https:\/\/ramrolf.lv\/ru\/wp-json\/wp\/v2\/types\/product"}],"wp:featuredmedia":[{"embeddable":true,"href":"https:\/\/ramrolf.lv\/ru\/wp-json\/wp\/v2\/media\/46972"}],"wp:attachment":[{"href":"https:\/\/ramrolf.lv\/ru\/wp-json\/wp\/v2\/media?parent=46971"}],"wp:term":[{"taxonomy":"product_cat","embeddable":true,"href":"https:\/\/ramrolf.lv\/ru\/wp-json\/wp\/v2\/product_cat?post=46971"},{"taxonomy":"product_tag","embeddable":true,"href":"https:\/\/ramrolf.lv\/ru\/wp-json\/wp\/v2\/product_tag?post=46971"}],"curies":[{"name":"wp","href":"https:\/\/api.w.org\/{rel}","templated":true}]}}