{"id":46974,"date":"2019-02-18T12:21:08","date_gmt":"2019-02-18T09:21:08","guid":{"rendered":"https:\/\/ramrolf.eu\/product\/new-product-2\/"},"modified":"2019-02-18T12:23:13","modified_gmt":"2019-02-18T09:23:13","slug":"lentas-korektors-forpus-42mm-%d1%85-6m","status":"publish","type":"product","link":"https:\/\/ramrolf.lv\/ru\/product\/lentas-korektors-forpus-42mm-%d1%85-6m\/","title":{"rendered":"Lentas korektors FORPUS 4,2mm \u0445 6m"},"content":{"rendered":"","protected":false},"excerpt":{"rendered":"<p>Lentas korektors \u0101trai un akur\u0101tai teksta labo\u0161anai. Vienl\u012bdz labi p\u0101rkl\u0101j visu tipu pap\u012bru un tinti. Caursp\u012bd\u012bgais korpuss, t\u0101p\u0113c var redz\u0113t, cik daudz lentas atlicis. Vienreiz\u0113jai lieto\u0161anai.<\/p>\n","protected":false},"featured_media":46975,"template":"","meta":[],"product_cat":[917],"product_tag":[],"_links":{"self":[{"href":"https:\/\/ramrolf.lv\/ru\/wp-json\/wp\/v2\/product\/46974"}],"collection":[{"href":"https:\/\/ramrolf.lv\/ru\/wp-json\/wp\/v2\/product"}],"about":[{"href":"https:\/\/ramrolf.lv\/ru\/wp-json\/wp\/v2\/types\/product"}],"wp:featuredmedia":[{"embeddable":true,"href":"https:\/\/ramrolf.lv\/ru\/wp-json\/wp\/v2\/media\/46975"}],"wp:attachment":[{"href":"https:\/\/ramrolf.lv\/ru\/wp-json\/wp\/v2\/media?parent=46974"}],"wp:term":[{"taxonomy":"product_cat","embeddable":true,"href":"https:\/\/ramrolf.lv\/ru\/wp-json\/wp\/v2\/product_cat?post=46974"},{"taxonomy":"product_tag","embeddable":true,"href":"https:\/\/ramrolf.lv\/ru\/wp-json\/wp\/v2\/product_tag?post=46974"}],"curies":[{"name":"wp","href":"https:\/\/api.w.org\/{rel}","templated":true}]}}