{"id":47055,"date":"2019-02-21T11:16:18","date_gmt":"2019-02-21T08:16:18","guid":{"rendered":"https:\/\/ramrolf.eu\/product\/new-product-2\/"},"modified":"2019-02-21T11:20:17","modified_gmt":"2019-02-21T08:20:17","slug":"mape-ar-atsperu-atrsuveju-forpus-a4-zala","status":"publish","type":"product","link":"https:\/\/ramrolf.lv\/ru\/product\/mape-ar-atsperu-atrsuveju-forpus-a4-zala\/","title":{"rendered":"Mape ar atsperu \u0101tr\u0161uv\u0113ju FORPUS A4, za\u013ca"},"content":{"rendered":"","protected":false},"excerpt":{"rendered":"<p>Mape no m\u012bkstas plastmasas. Atsperu \u0101tr\u0161uv\u0113js no meh\u0101nisma bie\u017eas saliek\u0161anas un atliek\u0161anas laika gait\u0101 nedeform\u0113jas. Muguri\u0146as platums \u2013 2 cm. Liela divpus\u0113ja kabata ar eti\u0137eti mar\u0137\u0113jumam.<\/p>\n","protected":false},"featured_media":47052,"template":"","meta":[],"product_cat":[485],"product_tag":[],"_links":{"self":[{"href":"https:\/\/ramrolf.lv\/ru\/wp-json\/wp\/v2\/product\/47055"}],"collection":[{"href":"https:\/\/ramrolf.lv\/ru\/wp-json\/wp\/v2\/product"}],"about":[{"href":"https:\/\/ramrolf.lv\/ru\/wp-json\/wp\/v2\/types\/product"}],"wp:featuredmedia":[{"embeddable":true,"href":"https:\/\/ramrolf.lv\/ru\/wp-json\/wp\/v2\/media\/47052"}],"wp:attachment":[{"href":"https:\/\/ramrolf.lv\/ru\/wp-json\/wp\/v2\/media?parent=47055"}],"wp:term":[{"taxonomy":"product_cat","embeddable":true,"href":"https:\/\/ramrolf.lv\/ru\/wp-json\/wp\/v2\/product_cat?post=47055"},{"taxonomy":"product_tag","embeddable":true,"href":"https:\/\/ramrolf.lv\/ru\/wp-json\/wp\/v2\/product_tag?post=47055"}],"curies":[{"name":"wp","href":"https:\/\/api.w.org\/{rel}","templated":true}]}}