{"id":47067,"date":"2019-02-21T14:14:08","date_gmt":"2019-02-21T11:14:08","guid":{"rendered":"https:\/\/ramrolf.eu\/product\/new-product-2\/"},"modified":"2019-02-21T14:16:56","modified_gmt":"2019-02-21T11:16:56","slug":"mape-ar-atsperu-atrsuveju-forpus-barocco-a4-sarkana","status":"publish","type":"product","link":"https:\/\/ramrolf.lv\/ru\/product\/mape-ar-atsperu-atrsuveju-forpus-barocco-a4-sarkana\/","title":{"rendered":"Mape ar atsperu \u0101tr\u0161uv\u0113ju FORPUS BAROCCO A4, sarkana"},"content":{"rendered":"","protected":false},"excerpt":{"rendered":"","protected":false},"featured_media":47063,"template":"","meta":[],"product_cat":[485],"product_tag":[],"_links":{"self":[{"href":"https:\/\/ramrolf.lv\/ru\/wp-json\/wp\/v2\/product\/47067"}],"collection":[{"href":"https:\/\/ramrolf.lv\/ru\/wp-json\/wp\/v2\/product"}],"about":[{"href":"https:\/\/ramrolf.lv\/ru\/wp-json\/wp\/v2\/types\/product"}],"wp:featuredmedia":[{"embeddable":true,"href":"https:\/\/ramrolf.lv\/ru\/wp-json\/wp\/v2\/media\/47063"}],"wp:attachment":[{"href":"https:\/\/ramrolf.lv\/ru\/wp-json\/wp\/v2\/media?parent=47067"}],"wp:term":[{"taxonomy":"product_cat","embeddable":true,"href":"https:\/\/ramrolf.lv\/ru\/wp-json\/wp\/v2\/product_cat?post=47067"},{"taxonomy":"product_tag","embeddable":true,"href":"https:\/\/ramrolf.lv\/ru\/wp-json\/wp\/v2\/product_tag?post=47067"}],"curies":[{"name":"wp","href":"https:\/\/api.w.org\/{rel}","templated":true}]}}